{"id":774,"date":"2023-11-22T15:14:24","date_gmt":"2023-11-22T15:14:24","guid":{"rendered":"https:\/\/mmbobd2.com\/?post_type=product&#038;p=774"},"modified":"2023-11-22T15:14:26","modified_gmt":"2023-11-22T15:14:26","slug":"scania-xcom-2-30-0","status":"publish","type":"product","link":"https:\/\/mmbobd2.com\/en\/product\/scania-xcom-2-30-0\/","title":{"rendered":"Scania XCOM 2.30.0"},"content":{"rendered":"<h2 style=\"text-align: center;\"><strong>Scania XCOM 2.30.0<\/strong><\/h2>\n<h2><\/h2>\n<h4><strong>1. Qu&rsquo;est-ce que Scania XCOM<\/strong><\/h4>\n<p><span>Scania XCOM 2.30.0 est un logiciel de diagnostic permettant de lire, enregistrer et modifier les donn\u00e9es du calculateur telles que les codes d&rsquo;anomalie, les param\u00e8tres, les donn\u00e9es statistiques, etc.<\/span><\/p>\n<h4><strong>2. Informations sur le logiciel<\/strong><\/h4>\n<ul>\n<li><span>Nom: Scania Xcom<\/span><\/li>\n<li><span>Version : 2.3<a href=\"https:\/\/www.toyota.fr\/gamme-electrifiee\/hybride\/gamme-hybride?gad_source=1&amp;gclid=Cj0KCQiA6vaqBhCbARIsACF9M6mUR0NQOM8cZwWNIsoiAeiPq39tRfZ9lfV8TjRG-MfS7TclBbaUO2YaAq0VEALw_wcB&amp;gclsrc=aw.ds\">0<\/a><\/span><\/li>\n<li><label class=\"font-weight-medium col-3\"><span>Langue de la base de donn\u00e9es\u00a0:\u00a0anglais<\/span><\/label><\/li>\n<li><label class=\"font-weight-medium col-3\"><span>Langue de l&rsquo;interface\u00a0:\u00a0anglai<a href=\"https:\/\/mmbobd2.com\/en\/\">s<\/a><\/span><\/label><\/li>\n<li><label class=\"font-weight-medium col-3\"><span>Type de logiciel\u00a0:\u00a0 <\/span><span>Diagnostic<\/span><\/label><\/li>\n<li><span>R\u00e9gion\u00a0:\u00a0Toutes les r\u00e9gions<\/span><\/li>\n<li><label class=\"font-weight-medium col-3\"><span>Taille du fichier\u00a0: 83\u00a0Mo<\/span><\/label><\/li>\n<\/ul>\n<h4><strong>2.1. Syst\u00e8me de support<\/strong><\/h4>\n<ul>\n<li><span>EMS \u2013 Syst\u00e8me de gestion du moteur.<\/span><\/li>\n<li><span>GMS \u2013 Syst\u00e8me de gestion de bo\u00eete de vitesses.<\/span><\/li>\n<li><span>RET \u2013 Syst\u00e8me ralentisseur.<\/span><\/li>\n<li><span>AWD \u2013 Syst\u00e8me de traction int\u00e9grale.<\/span><\/li>\n<li><span>CLS \u2013 Commande d\u2019embrayage.<\/span><\/li>\n<li><span>CEE \u2013 Contr\u00f4le des \u00e9missions de gaz d\u2019\u00e9chappement.<\/span><\/li>\n<li><span>COO (COO7) \u2013 Coordinateur.<\/span><\/li>\n<li><span>BWS (BCI1) \u2013 Syst\u00e8me de carrosserie.<\/span><\/li>\n<\/ul>\n<h4><strong>Prise en charge de la r\u00e9solution des codes d&rsquo;anomalie en description textuelle pour les types suivants\u00a0:<\/strong><\/h4>\n<ul>\n<li><span>EMS (S6, S7, S8).<\/span><\/li>\n<li><span>GMS (OPC4, OPC5).<\/span><\/li>\n<li><span>RET (RET1, RET2).<\/span><\/li>\n<li><span>Transmission int\u00e9grale (AWD1).<\/span><\/li>\n<li><span>CEE (SCR1, EEC3).<\/span><\/li>\n<li><span>CHEF (COO6, COO7).<\/span><\/li>\n<li><span>HMS (HMS1).<\/span><\/li>\n<\/ul>\n<h4><strong>2.2. Fonctions d&rsquo;assistance<\/strong><\/h4>\n<ul>\n<li><span>Lire les codes d&rsquo;erreur stock\u00e9s et les images fig\u00e9es.<\/span><\/li>\n<li><span>Effacez les codes d\u2019erreur inactifs.<\/span><\/li>\n<li><span>Lire les informations sur les cycles de travail enregistr\u00e9s.<\/span><\/li>\n<li><span>Mesurez les variables internes telles que le r\u00e9gime moteur, la pression, la temp\u00e9rature et enregistrez.<\/span><\/li>\n<li><span>Programmer certains param\u00e8tres<\/span><\/li>\n<li><span>AdBlue activ\u00e9\/d\u00e9sactiv\u00e9.<\/span><\/li>\n<li><span>EGR activ\u00e9\/d\u00e9sactiv\u00e9.<\/span><\/li>\n<li><span>Modification de l&rsquo;ID\/VIN du ch\u00e2ssis.<\/span><\/li>\n<li><span>Antid\u00e9marrage ON\/OFF.<\/span><\/li>\n<li><span>AUGMENTATION DE LA PUISSANCE DES CAMIONS.<\/span><\/li>\n<li><span>R\u00e9cup\u00e9ration de l&rsquo;\u00e9cu.<\/span><\/li>\n<li><span>R\u00e9initialisation de l&rsquo;ECU.<\/span><\/li>\n<li><span>D\u00e9verrouillage de l&rsquo;ECU sans code PIN.<\/span><\/li>\n<\/ul>\n<h4><strong>2.3. Syst\u00e8me d&rsquo;exploitation<\/strong><\/h4>\n<ul>\n<li><span>Windows\u00ae 7<\/span><\/li>\n<li><span>Windows\u00ae 10<\/span><\/li>\n<li><span>Windows\u00ae 11<\/span><\/li>\n<\/ul>\n<h4><strong>2.4. Mat\u00e9riel pris en charge<\/strong><\/h4>\n<ul>\n<li><span>VCI2<\/span><\/li>\n<li><span>VCI3<\/span><\/li>\n<\/ul>","protected":false},"excerpt":{"rendered":"<p>Scania XCOM 2.30.0: Diagnostic avanc\u00e9 pour Scania. Lecture, enregistrement, modification du calculateur. Compatible Windows.<\/p>","protected":false},"featured_media":775,"template":"","meta":[],"product_brand":[],"product_cat":[21],"product_tag":[],"class_list":{"0":"post-774","1":"product","2":"type-product","3":"status-publish","4":"has-post-thumbnail","6":"product_cat-trucks-diagnostic-software","8":"first","9":"instock","10":"downloadable","11":"virtual","12":"purchasable","13":"product-type-simple"},"yoast_head":"<!-- This site is optimized with the Yoast SEO plugin v27.4 - https:\/\/yoast.com\/product\/yoast-seo-wordpress\/ -->\n<title>Scania XCOM 2.30.0 - MMB OBD2 SOFTWARE<\/title>\n<meta name=\"description\" content=\"Scania XCOM 2.30.0: Diagnostic avanc\u00e9 pour Scania. Lecture, enregistrement, modification du calculateur. Compatible Windows.\" \/>\n<meta name=\"robots\" content=\"index, follow, max-snippet:-1, max-image-preview:large, max-video-preview:-1\" \/>\n<link rel=\"canonical\" href=\"https:\/\/mmbobd2.com\/en\/product\/scania-xcom-2-30-0\/\" \/>\n<meta property=\"og:locale\" content=\"en_GB\" \/>\n<meta property=\"og:type\" content=\"article\" \/>\n<meta property=\"og:title\" content=\"Scania XCOM 2.30.0\" \/>\n<meta property=\"og:description\" content=\"Scania XCOM 2.30.0: Diagnostic avanc\u00e9 pour Scania. Lecture, enregistrement, modification du calculateur. Compatible Windows.\" \/>\n<meta property=\"og:url\" content=\"https:\/\/mmbobd2.com\/en\/product\/scania-xcom-2-30-0\/\" \/>\n<meta property=\"og:site_name\" content=\"MMB OBD2 SOFTWARE\" \/>\n<meta property=\"article:publisher\" content=\"https:\/\/www.facebook.com\/profile.php?id=61552159950965\" \/>\n<meta property=\"article:modified_time\" content=\"2023-11-22T15:14:26+00:00\" \/>\n<meta property=\"og:image\" content=\"https:\/\/mmbobd2.com\/wp-content\/uploads\/2023\/11\/SCANIA-XCOM-jpg.webp\" \/>\n\t<meta property=\"og:image:width\" content=\"1000\" \/>\n\t<meta property=\"og:image:height\" content=\"1000\" \/>\n\t<meta property=\"og:image:type\" content=\"image\/jpeg\" \/>\n<meta name=\"twitter:card\" content=\"summary_large_image\" \/>\n<meta name=\"twitter:label1\" content=\"Estimated reading time\" \/>\n\t<meta name=\"twitter:data1\" content=\"2 minutes\" \/>\n<script type=\"application\/ld+json\" class=\"yoast-schema-graph\">{\"@context\":\"https:\\\/\\\/schema.org\",\"@graph\":[{\"@type\":\"WebPage\",\"@id\":\"https:\\\/\\\/mmbobd2.com\\\/product\\\/scania-xcom-2-30-0\\\/\",\"url\":\"https:\\\/\\\/mmbobd2.com\\\/product\\\/scania-xcom-2-30-0\\\/\",\"name\":\"Scania XCOM 2.30.0 - MMB OBD2 SOFTWARE\",\"isPartOf\":{\"@id\":\"https:\\\/\\\/mmbobd2.com\\\/#website\"},\"primaryImageOfPage\":{\"@id\":\"https:\\\/\\\/mmbobd2.com\\\/product\\\/scania-xcom-2-30-0\\\/#primaryimage\"},\"image\":{\"@id\":\"https:\\\/\\\/mmbobd2.com\\\/product\\\/scania-xcom-2-30-0\\\/#primaryimage\"},\"thumbnailUrl\":\"https:\\\/\\\/i0.wp.com\\\/mmbobd2.com\\\/wp-content\\\/uploads\\\/2023\\\/11\\\/SCANIA-XCOM-jpg.webp?fit=1000%2C1000&ssl=1\",\"datePublished\":\"2023-11-22T15:14:24+00:00\",\"dateModified\":\"2023-11-22T15:14:26+00:00\",\"description\":\"Scania XCOM 2.30.0: Diagnostic avanc\u00e9 pour Scania. Lecture, enregistrement, modification du calculateur. Compatible Windows.\",\"breadcrumb\":{\"@id\":\"https:\\\/\\\/mmbobd2.com\\\/product\\\/scania-xcom-2-30-0\\\/#breadcrumb\"},\"inLanguage\":\"en-GB\",\"potentialAction\":[{\"@type\":\"ReadAction\",\"target\":[\"https:\\\/\\\/mmbobd2.com\\\/product\\\/scania-xcom-2-30-0\\\/\"]}]},{\"@type\":\"ImageObject\",\"inLanguage\":\"en-GB\",\"@id\":\"https:\\\/\\\/mmbobd2.com\\\/product\\\/scania-xcom-2-30-0\\\/#primaryimage\",\"url\":\"https:\\\/\\\/i0.wp.com\\\/mmbobd2.com\\\/wp-content\\\/uploads\\\/2023\\\/11\\\/SCANIA-XCOM-jpg.webp?fit=1000%2C1000&ssl=1\",\"contentUrl\":\"https:\\\/\\\/i0.wp.com\\\/mmbobd2.com\\\/wp-content\\\/uploads\\\/2023\\\/11\\\/SCANIA-XCOM-jpg.webp?fit=1000%2C1000&ssl=1\",\"width\":1000,\"height\":1000,\"caption\":\"Scania XCOM 2.30.0\"},{\"@type\":\"BreadcrumbList\",\"@id\":\"https:\\\/\\\/mmbobd2.com\\\/product\\\/scania-xcom-2-30-0\\\/#breadcrumb\",\"itemListElement\":[{\"@type\":\"ListItem\",\"position\":1,\"name\":\"Accueil\",\"item\":\"https:\\\/\\\/mmbobd2.com\\\/\"},{\"@type\":\"ListItem\",\"position\":2,\"name\":\"Boutique\",\"item\":\"https:\\\/\\\/mmbobd2.com\\\/logiciels-de-diagnostic-automobiles\\\/\"},{\"@type\":\"ListItem\",\"position\":3,\"name\":\"Scania XCOM 2.30.0\"}]},{\"@type\":\"WebSite\",\"@id\":\"https:\\\/\\\/mmbobd2.com\\\/#website\",\"url\":\"https:\\\/\\\/mmbobd2.com\\\/\",\"name\":\"MMB OBD2 SOFTWARE\",\"description\":\"\",\"publisher\":{\"@id\":\"https:\\\/\\\/mmbobd2.com\\\/#organization\"},\"alternateName\":\"mmbsoftauto\",\"potentialAction\":[{\"@type\":\"SearchAction\",\"target\":{\"@type\":\"EntryPoint\",\"urlTemplate\":\"https:\\\/\\\/mmbobd2.com\\\/?s={search_term_string}\"},\"query-input\":{\"@type\":\"PropertyValueSpecification\",\"valueRequired\":true,\"valueName\":\"search_term_string\"}}],\"inLanguage\":\"en-GB\"},{\"@type\":\"Organization\",\"@id\":\"https:\\\/\\\/mmbobd2.com\\\/#organization\",\"name\":\"MMB COMPANY\",\"url\":\"https:\\\/\\\/mmbobd2.com\\\/\",\"logo\":{\"@type\":\"ImageObject\",\"inLanguage\":\"en-GB\",\"@id\":\"https:\\\/\\\/mmbobd2.com\\\/#\\\/schema\\\/logo\\\/image\\\/\",\"url\":\"https:\\\/\\\/mmbobd2.com\\\/wp-content\\\/uploads\\\/2023\\\/10\\\/LOGO-ROND-MMB-200.png\",\"contentUrl\":\"https:\\\/\\\/mmbobd2.com\\\/wp-content\\\/uploads\\\/2023\\\/10\\\/LOGO-ROND-MMB-200.png\",\"width\":200,\"height\":200,\"caption\":\"MMB COMPANY\"},\"image\":{\"@id\":\"https:\\\/\\\/mmbobd2.com\\\/#\\\/schema\\\/logo\\\/image\\\/\"},\"sameAs\":[\"https:\\\/\\\/www.facebook.com\\\/profile.php?id=61552159950965\"]}]}<\/script>\n<!-- \/ Yoast SEO plugin. -->","yoast_head_json":{"title":"Scania XCOM 2.30.0 - MMB OBD2 SOFTWARE","description":"Scania XCOM 2.30.0: Diagnostic avanc\u00e9 pour Scania. Lecture, enregistrement, modification du calculateur. Compatible Windows.","robots":{"index":"index","follow":"follow","max-snippet":"max-snippet:-1","max-image-preview":"max-image-preview:large","max-video-preview":"max-video-preview:-1"},"canonical":"https:\/\/mmbobd2.com\/en\/product\/scania-xcom-2-30-0\/","og_locale":"en_GB","og_type":"article","og_title":"Scania XCOM 2.30.0","og_description":"Scania XCOM 2.30.0: Diagnostic avanc\u00e9 pour Scania. Lecture, enregistrement, modification du calculateur. Compatible Windows.","og_url":"https:\/\/mmbobd2.com\/en\/product\/scania-xcom-2-30-0\/","og_site_name":"MMB OBD2 SOFTWARE","article_publisher":"https:\/\/www.facebook.com\/profile.php?id=61552159950965","article_modified_time":"2023-11-22T15:14:26+00:00","og_image":[{"width":1000,"height":1000,"url":"https:\/\/mmbobd2.com\/wp-content\/uploads\/2023\/11\/SCANIA-XCOM-jpg.webp","type":"image\/jpeg"}],"twitter_card":"summary_large_image","twitter_misc":{"Estimated reading time":"2 minutes"},"schema":{"@context":"https:\/\/schema.org","@graph":[{"@type":"WebPage","@id":"https:\/\/mmbobd2.com\/product\/scania-xcom-2-30-0\/","url":"https:\/\/mmbobd2.com\/product\/scania-xcom-2-30-0\/","name":"Scania XCOM 2.30.0 - MMB OBD2 SOFTWARE","isPartOf":{"@id":"https:\/\/mmbobd2.com\/#website"},"primaryImageOfPage":{"@id":"https:\/\/mmbobd2.com\/product\/scania-xcom-2-30-0\/#primaryimage"},"image":{"@id":"https:\/\/mmbobd2.com\/product\/scania-xcom-2-30-0\/#primaryimage"},"thumbnailUrl":"https:\/\/i0.wp.com\/mmbobd2.com\/wp-content\/uploads\/2023\/11\/SCANIA-XCOM-jpg.webp?fit=1000%2C1000&ssl=1","datePublished":"2023-11-22T15:14:24+00:00","dateModified":"2023-11-22T15:14:26+00:00","description":"Scania XCOM 2.30.0: Diagnostic avanc\u00e9 pour Scania. Lecture, enregistrement, modification du calculateur. Compatible Windows.","breadcrumb":{"@id":"https:\/\/mmbobd2.com\/product\/scania-xcom-2-30-0\/#breadcrumb"},"inLanguage":"en-GB","potentialAction":[{"@type":"ReadAction","target":["https:\/\/mmbobd2.com\/product\/scania-xcom-2-30-0\/"]}]},{"@type":"ImageObject","inLanguage":"en-GB","@id":"https:\/\/mmbobd2.com\/product\/scania-xcom-2-30-0\/#primaryimage","url":"https:\/\/i0.wp.com\/mmbobd2.com\/wp-content\/uploads\/2023\/11\/SCANIA-XCOM-jpg.webp?fit=1000%2C1000&ssl=1","contentUrl":"https:\/\/i0.wp.com\/mmbobd2.com\/wp-content\/uploads\/2023\/11\/SCANIA-XCOM-jpg.webp?fit=1000%2C1000&ssl=1","width":1000,"height":1000,"caption":"Scania XCOM 2.30.0"},{"@type":"BreadcrumbList","@id":"https:\/\/mmbobd2.com\/product\/scania-xcom-2-30-0\/#breadcrumb","itemListElement":[{"@type":"ListItem","position":1,"name":"Accueil","item":"https:\/\/mmbobd2.com\/"},{"@type":"ListItem","position":2,"name":"Boutique","item":"https:\/\/mmbobd2.com\/logiciels-de-diagnostic-automobiles\/"},{"@type":"ListItem","position":3,"name":"Scania XCOM 2.30.0"}]},{"@type":"WebSite","@id":"https:\/\/mmbobd2.com\/#website","url":"https:\/\/mmbobd2.com\/","name":"MMB OBD2 SOFTWARE","description":"","publisher":{"@id":"https:\/\/mmbobd2.com\/#organization"},"alternateName":"mmbsoftauto","potentialAction":[{"@type":"SearchAction","target":{"@type":"EntryPoint","urlTemplate":"https:\/\/mmbobd2.com\/?s={search_term_string}"},"query-input":{"@type":"PropertyValueSpecification","valueRequired":true,"valueName":"search_term_string"}}],"inLanguage":"en-GB"},{"@type":"Organization","@id":"https:\/\/mmbobd2.com\/#organization","name":"MMB COMPANY","url":"https:\/\/mmbobd2.com\/","logo":{"@type":"ImageObject","inLanguage":"en-GB","@id":"https:\/\/mmbobd2.com\/#\/schema\/logo\/image\/","url":"https:\/\/mmbobd2.com\/wp-content\/uploads\/2023\/10\/LOGO-ROND-MMB-200.png","contentUrl":"https:\/\/mmbobd2.com\/wp-content\/uploads\/2023\/10\/LOGO-ROND-MMB-200.png","width":200,"height":200,"caption":"MMB COMPANY"},"image":{"@id":"https:\/\/mmbobd2.com\/#\/schema\/logo\/image\/"},"sameAs":["https:\/\/www.facebook.com\/profile.php?id=61552159950965"]}]}},"_links":{"self":[{"href":"https:\/\/mmbobd2.com\/en\/wp-json\/wp\/v2\/product\/774","targetHints":{"allow":["GET"]}}],"collection":[{"href":"https:\/\/mmbobd2.com\/en\/wp-json\/wp\/v2\/product"}],"about":[{"href":"https:\/\/mmbobd2.com\/en\/wp-json\/wp\/v2\/types\/product"}],"wp:featuredmedia":[{"embeddable":true,"href":"https:\/\/mmbobd2.com\/en\/wp-json\/wp\/v2\/media\/775"}],"wp:attachment":[{"href":"https:\/\/mmbobd2.com\/en\/wp-json\/wp\/v2\/media?parent=774"}],"wp:term":[{"taxonomy":"product_brand","embeddable":true,"href":"https:\/\/mmbobd2.com\/en\/wp-json\/wp\/v2\/product_brand?post=774"},{"taxonomy":"product_cat","embeddable":true,"href":"https:\/\/mmbobd2.com\/en\/wp-json\/wp\/v2\/product_cat?post=774"},{"taxonomy":"product_tag","embeddable":true,"href":"https:\/\/mmbobd2.com\/en\/wp-json\/wp\/v2\/product_tag?post=774"}],"curies":[{"name":"wp","href":"https:\/\/api.w.org\/{rel}","templated":true}]}}