{"id":776,"date":"2023-11-22T15:32:44","date_gmt":"2023-11-22T15:32:44","guid":{"rendered":"https:\/\/mmbobd2.com\/?post_type=product&#038;p=776"},"modified":"2023-11-22T15:32:45","modified_gmt":"2023-11-22T15:32:45","slug":"jpro-2023-v2-professional","status":"publish","type":"product","link":"https:\/\/mmbobd2.com\/en\/product\/jpro-2023-v2-professional\/","title":{"rendered":"JPRO 2023 v2 Professional Diagnostic"},"content":{"rendered":"<h2 style=\"text-align: center;\"><strong>JPRO 2023 v2 Professional Diagnostic<\/strong><\/h2>\n<p>&nbsp;<\/p>\n<p>JPRO 2023 v2 Professional \u2013 Un logiciel de diagnostic et de r\u00e9paration complet et puissant pour toutes les marques, tous les mod\u00e8les, fournit des informations de service avec une fonctionnalit\u00e9 bidirectionnelle dans un service complet.<\/p>\n<h4><span><strong><b>Caract\u00e9ristiques du diagnostic des v\u00e9hicules commerciaux <\/b><\/strong><strong><b>JPRO <\/b><\/strong><\/span><strong><b><span>20<a href=\"https:\/\/www.noregon.com\/jpro\/\">2<\/a><a href=\"https:\/\/mmbobd2.com\/en\/\">3<\/a><\/span><\/b><\/strong><span><strong><b>\u00a0:<\/b><\/strong><\/span><b><\/b><b><\/b><\/h4>\n<p><span>Date\u00a0:\u00a02023 V2<\/span><\/p>\n<p><span>Taille: environ 1 Go<\/span><\/p>\n<p><span>Langues\u00a0:\u00a0anglais<\/span><\/p>\n<p><span><span class=\"\">\u2713 Caract\u00e9ristiques g\u00e9n\u00e9rales<\/span><\/span><\/p>\n<p><span>\u2713 Caract\u00e9ristiques robustes JPRO\u00ae<\/span><\/p>\n<p><span>\u2713 Caract\u00e9ristiques JPRO\u00ae pour usage moyen<\/span><\/p>\n<p><span>\u2713 Fonctionnalit\u00e9s d&rsquo;\u00e9ducation et de d\u00e9pannage<\/span><\/p>\n<p><span>\u2713 Fonctionnalit\u00e9s de cr\u00e9ation de rapports<\/span><\/p>\n<p><span>\u2713 Fonctionnalit\u00e9s d&rsquo;int\u00e9gration<\/span><\/p>\n<p><span>\u2713 Fonctionnalit\u00e9s de configuration<\/span><\/p>\n<p><span>\u2713 Fonctionnalit\u00e9s de support produit<\/span><\/p>\n<h4><b><\/b><span><strong><b>Configuration requise pour <\/b><\/strong><strong><b>JPRO <\/b><\/strong><\/span><strong><b><span>2023<\/span><\/b><\/strong><b><\/b><\/h4>\n<p><span>Syst\u00e8mes d&rsquo;exploitation pris en charge<\/span><\/p>\n<p><span><span class=\"\">\u27a2 Windows 7 (anglais 32 ou 64 bits, espagnol 32 bits)<\/span><\/span><\/p>\n<p><span>\u27a2 Windows 8 et 8.1 Pro (anglais 32 ou 64 bits, espagnol 32 bits)<\/span><\/p>\n<p><span>\u27a2 Windows 10 (anglais 32 ou 64 bits, espagnol 32 bits)<\/span><\/p>\n<h4><strong><span>Exigences mat\u00e9rielles<\/span><\/strong><\/h4>\n<p><span>\u27a2 Minimum : 4 Go de RAM, 20 Go d&rsquo;espace disque disponible, Intel Core i3, moniteur 1024 x 768<\/span><\/p>\n<p><span>\u27a2 Recommand\u00e9 : 8 Go de RAM, 20 Go d&rsquo;espace disque disponible, Intel Core i5<\/span><\/p>\n<p><span>\u27a2 Port USB pour Noregon DLA+ ou DLA+ 2.0 ou port pour autre adaptateur de v\u00e9hicule compatible RP1210C<\/span><\/p>\n<p>&nbsp;<\/p>\n<h4><b><\/b><span><strong><b><span class=\"\">Couverture des mod\u00e8les de diagnostic de v\u00e9hicules commerciaux <\/span><\/b><\/strong><strong><b><span class=\"\">JPRO <\/span><\/b><\/strong><\/span><strong><b><span><span class=\"\">2023<\/span><\/span><\/b><\/strong><span><strong><b><span class=\"\">\u00a0:<\/span><\/b><\/strong><\/span><b><\/b><b><\/b><\/h4>\n<h4><strong>Moteurs<\/strong><\/h4>\n<p><span>\u2713 CHAT<\/span><\/p>\n<p><span>\u2713 Cummings<\/span><\/p>\n<p><span>\u2713 D\u00e9troit<\/span><\/p>\n<p><span>\u2713 Gu\u00e9<\/span><\/p>\n<p><span>\u2713 Directeur g\u00e9n\u00e9ral<\/span><\/p>\n<p><span>\u2713 Internationale<\/span><\/p>\n<p><span>\u2713 Mack<\/span><\/p>\n<p><span>\u2713 Mercedes-Benz<\/span><\/p>\n<p><span>\u2713 Paccar<\/span><\/p>\n<p><span>\u2713 Sprinter<\/span><\/p>\n<p><span>\u2713Volvo<\/span><\/p>\n<p>&nbsp;<\/p>\n<h4><strong><b><span>Transmission<\/span><\/b><\/strong><\/h4>\n<p><span>\u2713Allison<\/span><\/p>\n<p><span>\u2713 D\u00e9troit<\/span><\/p>\n<p><span>\u2713 Eaton<\/span><\/p>\n<p><span>\u2713 Directeur g\u00e9n\u00e9ral<\/span><\/p>\n<p><span>\u2713 Mack<\/span><\/p>\n<p><span>\u2713 Sprinter<\/span><\/p>\n<p><span>\u2713Volvo<\/span><\/p>\n<p><span>\u2713ZF<\/span><\/p>\n<p>&nbsp;<\/p>\n<h4><strong><b><span>abdos<\/span><\/b><\/strong><\/h4>\n<p><span>\u2713 Bendix<\/span><\/p>\n<p><span>\u2713 Gu\u00e9<\/span><\/p>\n<p><span>\u2713 Directeur g\u00e9n\u00e9ral<\/span><\/p>\n<p><span>\u2713 Haldex<\/span><\/p>\n<p><span>\u2713 Sprinter<\/span><\/p>\n<p><span>\u2713 Wabash<\/span><\/p>\n<p><span>\u2713 WABCO<\/span><\/p>\n<p>&nbsp;<\/p>\n<h4><strong><b><span>Carrosserie et ch\u00e2ssis<\/span><\/b><\/strong><\/h4>\n<p><span>\u2713 Oiseau bleu<\/span><\/p>\n<p><span>\u2713 Sprinter<\/span><\/p>\n<p><span>\u2713 Livre sterling<\/span><\/p>\n<p><span>\u2713 Freightliner<\/span><\/p>\n<p><span>\u2713 Thomas Construit<\/span><\/p>\n<p><span>\u2713 Gu\u00e9<\/span><\/p>\n<p><span>\u2713 Directeur g\u00e9n\u00e9ral<\/span><\/p>\n<p><span>\u2713 \u00c9toile occidentale<\/span><\/p>\n<p><span>\u2713 Internationale<\/span><\/p>\n<p><span>\u2713Kenworth<\/span><\/p>\n<p><span>\u2713 Mack<\/span><\/p>\n<p><span>\u2713 Peterbilt<\/span><\/p>\n<p>&nbsp;<\/p>\n<h4><strong><span><span class=\"\">Fonctionnalit\u00e9s de la mise \u00e0 jour JPRO 2023\u00a0:<\/span><\/span><\/strong><\/h4>\n<h4><strong>CARACT\u00c9RISTIQUES JPRO HORS ROUTE\u00a0:<\/strong><\/h4>\n<p><span>Off-Highway prend en charge les moteurs Caterpillar Off-Highway. <\/span><br \/>\n<span>Prend en charge les messages SAE J1939. <\/span><br \/>\n<span>Possibilit\u00e9 d&rsquo;enregistrer et de lire des fichiers journaux pour les connexions sp\u00e9cifiques hors route.<\/span><\/p>\n<h4><strong>SUPPORT POUR CATERPILLAR (HORS ROUTE)<\/strong><\/h4>\n<p><span>Prend en charge la lecture des codes d&rsquo;erreur de diagnostic propri\u00e9taires, des codes d&rsquo;\u00e9v\u00e9nement et des donn\u00e9es pour les moteurs Caterpillar suivants sur les v\u00e9hicules tout-terrain\u00a0: <\/span><br \/>\n<span>C4.4, C6.6, C7.1, C9.3, C9.3B.<\/span><\/p>\n<h4><strong>CARACT\u00c9RISTIQUES JPRO ROBUSTE\u00a0:<\/strong><\/h4>\n<p><span>Prend d\u00e9sormais en charge les diagnostics de remorque \u00e0 l&rsquo;aide de l&rsquo;adaptateur PLC universel J560 combin\u00e9 \u00e0 un adaptateur PLC DLA+ 2.0, DLA+, DLA+ 2.0 Wireless, DLA+ Wireless ou DLA+. <\/span><br \/>\n<span>Les noms de produits ECU sont d\u00e9sormais affich\u00e9s au lieu des descriptions de sources g\u00e9n\u00e9riques dans les affichages de d\u00e9fauts et de donn\u00e9es dans toute l&rsquo;application.<\/span><\/p>\n<h4><strong>CARACT\u00c9RISTIQUES G\u00c9N\u00c9RALES<\/strong><\/h4>\n<p><span>Seuls les adaptateurs Noregon DLA+ 2.0, DLA+ 2.0 Wireless, Trailer Diagnostic Adapter, DLA+, DLA+ Wireless et DLA+ PLC sont pris en charge.<\/span><\/p>\n<p><span>Robuste\u00a0: CATERPILLAR (SUR AUTOROUTE)<\/span><\/p>\n<h4><strong>NOUVEAU support bidirectionnel pour les moteurs Caterpillar\u00a0:<\/strong><\/h4>\n<p><span>Limites de vitesse du r\u00e9gulateur de vitesse Limites de <\/span><br \/>\n<span>vitesse basse du r\u00e9gulateur de vitesse, limite de vitesse \u00e9lev\u00e9e du r\u00e9gulateur de vitesse <\/span><br \/>\n<span>3126, C7, C12, C13, C15 et C18 Arr\u00eat au ralenti Temps d&rsquo;arr\u00eat <\/span><br \/>\n<span>au ralenti <\/span><br \/>\n<span>, neutralisation de l&rsquo;arr\u00eat au ralenti <\/span><br \/>\n<span>3126, C7, C12, C13, C15 et C18 <\/span><br \/>\n<span>V\u00e9hicule maximum Limite de vitesse <\/span><br \/>\n<span>Limite de vitesse du v\u00e9hicule <\/span><br \/>\n<span>3126, C7, C12, C13, C15 et C18<\/span><\/p>\n<p><span>Robuste\u00a0: Cumming<\/span><\/p>\n<h4><strong>Prise en charge bidirectionnelle suppl\u00e9mentaire pour les moteurs Cummins\u00a0:<\/strong><\/h4>\n<p><span>Test de performance des injecteurs de carburant <\/span><br \/>\n<span>EPA10 tous ISX (12 et 15 L) | EPA 13 tous ISX (12 et 15L) | GES17 tous L9, X12, X15<\/span><\/p>\n<p><span>Usage intensif\u00a0: DETROIT DIESEL<\/span><\/p>\n<h4><strong>Prise en charge bidirectionnelle suppl\u00e9mentaire pour les moteurs Detroit Diesel\u00a0:<\/strong><\/h4>\n<p><span>D\u00e9coupe de cylindre\u00a0: <\/span><br \/>\n<span>prend d\u00e9sormais en charge GHG17 et plus r\u00e9cent avec <\/span><br \/>\n<span>la version du logiciel du moteur\u00a0: App_3105, App_3106, App_3107 et GHG17 et plus r\u00e9cent avec la version du logiciel MCM\u00a0: <\/span><span>mcm_0x60EF <\/span><br \/>\n<span>. <\/span><br \/>\n<span>Version du logiciel ACM\u00a0: acm_0x0250 <\/span><br \/>\n<span>DEF Quantity Test <\/span><br \/>\n<span>prend d\u00e9sormais en charge GHG17 et plus r\u00e9cent avec la version du logiciel ACM\u00a0: acm_0x0250 <\/span><br \/>\n<span>DPF Service Regen prend <\/span><br \/>\n<span>d\u00e9sormais en charge GHG17 et plus r\u00e9cent avec la version du logiciel du moteur\u00a0: App_3105, App_3106 App_3107 <\/span><br \/>\n<span>Purge du doseur d&rsquo;hydrocarbures prend <\/span><br \/>\n<span>d\u00e9sormais en charge GHG17 et plus r\u00e9cent avec la version du logiciel MCM\u00a0: mcm_0x06EF <\/span><br \/>\n<span>Le test d&rsquo;efficacit\u00e9 SCR en stationnement <\/span><br \/>\n<span>prend d\u00e9sormais en charge GHG17 et plus r\u00e9cent avec la version du logiciel ACM\u00a0: acm_0x0250 <\/span><br \/>\n<span>Contr\u00f4le des performances ATD basse temp\u00e9rature prend <\/span><br \/>\n<span>d\u00e9sormais en charge GHG17 et plus r\u00e9cent avec la version du logiciel MCM\u00a0: mcm_0x06EF L&rsquo; <\/span><br \/>\n<span>auto-v\u00e9rification du syst\u00e8me de dosage sans air SCR (ADS) prend <\/span><br \/>\n<span>d\u00e9sormais en charge GHG17 et plus r\u00e9cent avec la version du logiciel ACM. : acm_0x0250 <\/span><br \/>\n<span>Le test des composants de sortie SCR <\/span><br \/>\n<span>prend d\u00e9sormais en charge GHG17 et versions ult\u00e9rieures avec la version du logiciel ACM\u00a0: acm_0x0250<\/span><\/p>\n<h4><strong>Robuste\u00a0: PACCAR<\/strong><\/h4>\n<p><span>Prend en charge la lecture des codes d&rsquo;erreur de diagnostic propri\u00e9taires pour <\/span><br \/>\n<span>les contr\u00f4leurs CECU3 500 et VECU. <\/span><br \/>\n<span>Prise en charge bidirectionnelle suppl\u00e9mentaire pour les moteurs Paccar\u00a0:<\/span><\/p>\n<p><span>V\u00e9rifiez le chauffage interne du module de pompe DEF <\/span><br \/>\n<span>pris en charge sur EPA 13 tous les moteurs MX.<\/span><\/p>","protected":false},"excerpt":{"rendered":"<p>JPRO 2023 v2 Professional Diagnostic &#8211; Logiciel puissant pour toutes marques. Fonctionnalit\u00e9 bidirectionnelle compl\u00e8te. OBDII<\/p>","protected":false},"featured_media":777,"template":"","meta":[],"product_brand":[],"product_cat":[21],"product_tag":[],"class_list":{"0":"post-776","1":"product","2":"type-product","3":"status-publish","4":"has-post-thumbnail","6":"product_cat-trucks-diagnostic-software","8":"first","9":"instock","10":"downloadable","11":"virtual","12":"purchasable","13":"product-type-simple"},"yoast_head":"<!-- This site is optimized with the Yoast SEO plugin v27.4 - https:\/\/yoast.com\/product\/yoast-seo-wordpress\/ -->\n<title>JPRO 2023 v2 Professional - MMB OBD2 SOFTWARE<\/title>\n<meta name=\"description\" content=\"JPRO 2023 v2 Professional Diagnostic - Logiciel puissant pour toutes marques. Fonctionnalit\u00e9 bidirectionnelle compl\u00e8te. OBDII\" \/>\n<meta name=\"robots\" content=\"index, follow, max-snippet:-1, max-image-preview:large, max-video-preview:-1\" \/>\n<link rel=\"canonical\" href=\"https:\/\/mmbobd2.com\/en\/product\/jpro-2023-v2-professional\/\" \/>\n<meta property=\"og:locale\" content=\"en_GB\" \/>\n<meta property=\"og:type\" content=\"article\" \/>\n<meta property=\"og:title\" content=\"JPRO 2023 v2 Professional\" \/>\n<meta property=\"og:description\" content=\"JPRO 2023 v2 Professional Diagnostic - Logiciel puissant pour toutes marques. Fonctionnalit\u00e9 bidirectionnelle compl\u00e8te. OBDII\" \/>\n<meta property=\"og:url\" content=\"https:\/\/mmbobd2.com\/en\/product\/jpro-2023-v2-professional\/\" \/>\n<meta property=\"og:site_name\" content=\"MMB OBD2 SOFTWARE\" \/>\n<meta property=\"article:publisher\" content=\"https:\/\/www.facebook.com\/profile.php?id=61552159950965\" \/>\n<meta property=\"article:modified_time\" content=\"2023-11-22T15:32:45+00:00\" \/>\n<meta property=\"og:image\" content=\"https:\/\/mmbobd2.com\/wp-content\/uploads\/2023\/11\/JPRO-jpg.webp\" \/>\n\t<meta property=\"og:image:width\" content=\"1000\" \/>\n\t<meta property=\"og:image:height\" content=\"1000\" \/>\n\t<meta property=\"og:image:type\" content=\"image\/jpeg\" \/>\n<meta name=\"twitter:card\" content=\"summary_large_image\" \/>\n<meta name=\"twitter:label1\" content=\"Estimated reading time\" \/>\n\t<meta name=\"twitter:data1\" content=\"5 minutes\" \/>\n<script type=\"application\/ld+json\" class=\"yoast-schema-graph\">{\"@context\":\"https:\\\/\\\/schema.org\",\"@graph\":[{\"@type\":\"WebPage\",\"@id\":\"https:\\\/\\\/mmbobd2.com\\\/product\\\/jpro-2023-v2-professional\\\/\",\"url\":\"https:\\\/\\\/mmbobd2.com\\\/product\\\/jpro-2023-v2-professional\\\/\",\"name\":\"JPRO 2023 v2 Professional - MMB OBD2 SOFTWARE\",\"isPartOf\":{\"@id\":\"https:\\\/\\\/mmbobd2.com\\\/#website\"},\"primaryImageOfPage\":{\"@id\":\"https:\\\/\\\/mmbobd2.com\\\/product\\\/jpro-2023-v2-professional\\\/#primaryimage\"},\"image\":{\"@id\":\"https:\\\/\\\/mmbobd2.com\\\/product\\\/jpro-2023-v2-professional\\\/#primaryimage\"},\"thumbnailUrl\":\"https:\\\/\\\/i0.wp.com\\\/mmbobd2.com\\\/wp-content\\\/uploads\\\/2023\\\/11\\\/JPRO-jpg.webp?fit=1000%2C1000&ssl=1\",\"datePublished\":\"2023-11-22T15:32:44+00:00\",\"dateModified\":\"2023-11-22T15:32:45+00:00\",\"description\":\"JPRO 2023 v2 Professional Diagnostic - Logiciel puissant pour toutes marques. Fonctionnalit\u00e9 bidirectionnelle compl\u00e8te. OBDII\",\"breadcrumb\":{\"@id\":\"https:\\\/\\\/mmbobd2.com\\\/product\\\/jpro-2023-v2-professional\\\/#breadcrumb\"},\"inLanguage\":\"en-GB\",\"potentialAction\":[{\"@type\":\"ReadAction\",\"target\":[\"https:\\\/\\\/mmbobd2.com\\\/product\\\/jpro-2023-v2-professional\\\/\"]}]},{\"@type\":\"ImageObject\",\"inLanguage\":\"en-GB\",\"@id\":\"https:\\\/\\\/mmbobd2.com\\\/product\\\/jpro-2023-v2-professional\\\/#primaryimage\",\"url\":\"https:\\\/\\\/i0.wp.com\\\/mmbobd2.com\\\/wp-content\\\/uploads\\\/2023\\\/11\\\/JPRO-jpg.webp?fit=1000%2C1000&ssl=1\",\"contentUrl\":\"https:\\\/\\\/i0.wp.com\\\/mmbobd2.com\\\/wp-content\\\/uploads\\\/2023\\\/11\\\/JPRO-jpg.webp?fit=1000%2C1000&ssl=1\",\"width\":1000,\"height\":1000,\"caption\":\"JPRO 2023 v2 Professional\"},{\"@type\":\"BreadcrumbList\",\"@id\":\"https:\\\/\\\/mmbobd2.com\\\/product\\\/jpro-2023-v2-professional\\\/#breadcrumb\",\"itemListElement\":[{\"@type\":\"ListItem\",\"position\":1,\"name\":\"Accueil\",\"item\":\"https:\\\/\\\/mmbobd2.com\\\/\"},{\"@type\":\"ListItem\",\"position\":2,\"name\":\"Boutique\",\"item\":\"https:\\\/\\\/mmbobd2.com\\\/logiciels-de-diagnostic-automobiles\\\/\"},{\"@type\":\"ListItem\",\"position\":3,\"name\":\"JPRO 2023 v2 Professional Diagnostic\"}]},{\"@type\":\"WebSite\",\"@id\":\"https:\\\/\\\/mmbobd2.com\\\/#website\",\"url\":\"https:\\\/\\\/mmbobd2.com\\\/\",\"name\":\"MMB OBD2 SOFTWARE\",\"description\":\"\",\"publisher\":{\"@id\":\"https:\\\/\\\/mmbobd2.com\\\/#organization\"},\"alternateName\":\"mmbsoftauto\",\"potentialAction\":[{\"@type\":\"SearchAction\",\"target\":{\"@type\":\"EntryPoint\",\"urlTemplate\":\"https:\\\/\\\/mmbobd2.com\\\/?s={search_term_string}\"},\"query-input\":{\"@type\":\"PropertyValueSpecification\",\"valueRequired\":true,\"valueName\":\"search_term_string\"}}],\"inLanguage\":\"en-GB\"},{\"@type\":\"Organization\",\"@id\":\"https:\\\/\\\/mmbobd2.com\\\/#organization\",\"name\":\"MMB COMPANY\",\"url\":\"https:\\\/\\\/mmbobd2.com\\\/\",\"logo\":{\"@type\":\"ImageObject\",\"inLanguage\":\"en-GB\",\"@id\":\"https:\\\/\\\/mmbobd2.com\\\/#\\\/schema\\\/logo\\\/image\\\/\",\"url\":\"https:\\\/\\\/mmbobd2.com\\\/wp-content\\\/uploads\\\/2023\\\/10\\\/LOGO-ROND-MMB-200.png\",\"contentUrl\":\"https:\\\/\\\/mmbobd2.com\\\/wp-content\\\/uploads\\\/2023\\\/10\\\/LOGO-ROND-MMB-200.png\",\"width\":200,\"height\":200,\"caption\":\"MMB COMPANY\"},\"image\":{\"@id\":\"https:\\\/\\\/mmbobd2.com\\\/#\\\/schema\\\/logo\\\/image\\\/\"},\"sameAs\":[\"https:\\\/\\\/www.facebook.com\\\/profile.php?id=61552159950965\"]}]}<\/script>\n<!-- \/ Yoast SEO plugin. -->","yoast_head_json":{"title":"JPRO 2023 v2 Professional - MMB OBD2 SOFTWARE","description":"JPRO 2023 v2 Professional Diagnostic - Logiciel puissant pour toutes marques. Fonctionnalit\u00e9 bidirectionnelle compl\u00e8te. OBDII","robots":{"index":"index","follow":"follow","max-snippet":"max-snippet:-1","max-image-preview":"max-image-preview:large","max-video-preview":"max-video-preview:-1"},"canonical":"https:\/\/mmbobd2.com\/en\/product\/jpro-2023-v2-professional\/","og_locale":"en_GB","og_type":"article","og_title":"JPRO 2023 v2 Professional","og_description":"JPRO 2023 v2 Professional Diagnostic - Logiciel puissant pour toutes marques. Fonctionnalit\u00e9 bidirectionnelle compl\u00e8te. OBDII","og_url":"https:\/\/mmbobd2.com\/en\/product\/jpro-2023-v2-professional\/","og_site_name":"MMB OBD2 SOFTWARE","article_publisher":"https:\/\/www.facebook.com\/profile.php?id=61552159950965","article_modified_time":"2023-11-22T15:32:45+00:00","og_image":[{"width":1000,"height":1000,"url":"https:\/\/mmbobd2.com\/wp-content\/uploads\/2023\/11\/JPRO-jpg.webp","type":"image\/jpeg"}],"twitter_card":"summary_large_image","twitter_misc":{"Estimated reading time":"5 minutes"},"schema":{"@context":"https:\/\/schema.org","@graph":[{"@type":"WebPage","@id":"https:\/\/mmbobd2.com\/product\/jpro-2023-v2-professional\/","url":"https:\/\/mmbobd2.com\/product\/jpro-2023-v2-professional\/","name":"JPRO 2023 v2 Professional - MMB OBD2 SOFTWARE","isPartOf":{"@id":"https:\/\/mmbobd2.com\/#website"},"primaryImageOfPage":{"@id":"https:\/\/mmbobd2.com\/product\/jpro-2023-v2-professional\/#primaryimage"},"image":{"@id":"https:\/\/mmbobd2.com\/product\/jpro-2023-v2-professional\/#primaryimage"},"thumbnailUrl":"https:\/\/i0.wp.com\/mmbobd2.com\/wp-content\/uploads\/2023\/11\/JPRO-jpg.webp?fit=1000%2C1000&ssl=1","datePublished":"2023-11-22T15:32:44+00:00","dateModified":"2023-11-22T15:32:45+00:00","description":"JPRO 2023 v2 Professional Diagnostic - Logiciel puissant pour toutes marques. Fonctionnalit\u00e9 bidirectionnelle compl\u00e8te. OBDII","breadcrumb":{"@id":"https:\/\/mmbobd2.com\/product\/jpro-2023-v2-professional\/#breadcrumb"},"inLanguage":"en-GB","potentialAction":[{"@type":"ReadAction","target":["https:\/\/mmbobd2.com\/product\/jpro-2023-v2-professional\/"]}]},{"@type":"ImageObject","inLanguage":"en-GB","@id":"https:\/\/mmbobd2.com\/product\/jpro-2023-v2-professional\/#primaryimage","url":"https:\/\/i0.wp.com\/mmbobd2.com\/wp-content\/uploads\/2023\/11\/JPRO-jpg.webp?fit=1000%2C1000&ssl=1","contentUrl":"https:\/\/i0.wp.com\/mmbobd2.com\/wp-content\/uploads\/2023\/11\/JPRO-jpg.webp?fit=1000%2C1000&ssl=1","width":1000,"height":1000,"caption":"JPRO 2023 v2 Professional"},{"@type":"BreadcrumbList","@id":"https:\/\/mmbobd2.com\/product\/jpro-2023-v2-professional\/#breadcrumb","itemListElement":[{"@type":"ListItem","position":1,"name":"Accueil","item":"https:\/\/mmbobd2.com\/"},{"@type":"ListItem","position":2,"name":"Boutique","item":"https:\/\/mmbobd2.com\/logiciels-de-diagnostic-automobiles\/"},{"@type":"ListItem","position":3,"name":"JPRO 2023 v2 Professional Diagnostic"}]},{"@type":"WebSite","@id":"https:\/\/mmbobd2.com\/#website","url":"https:\/\/mmbobd2.com\/","name":"MMB OBD2 SOFTWARE","description":"","publisher":{"@id":"https:\/\/mmbobd2.com\/#organization"},"alternateName":"mmbsoftauto","potentialAction":[{"@type":"SearchAction","target":{"@type":"EntryPoint","urlTemplate":"https:\/\/mmbobd2.com\/?s={search_term_string}"},"query-input":{"@type":"PropertyValueSpecification","valueRequired":true,"valueName":"search_term_string"}}],"inLanguage":"en-GB"},{"@type":"Organization","@id":"https:\/\/mmbobd2.com\/#organization","name":"MMB COMPANY","url":"https:\/\/mmbobd2.com\/","logo":{"@type":"ImageObject","inLanguage":"en-GB","@id":"https:\/\/mmbobd2.com\/#\/schema\/logo\/image\/","url":"https:\/\/mmbobd2.com\/wp-content\/uploads\/2023\/10\/LOGO-ROND-MMB-200.png","contentUrl":"https:\/\/mmbobd2.com\/wp-content\/uploads\/2023\/10\/LOGO-ROND-MMB-200.png","width":200,"height":200,"caption":"MMB COMPANY"},"image":{"@id":"https:\/\/mmbobd2.com\/#\/schema\/logo\/image\/"},"sameAs":["https:\/\/www.facebook.com\/profile.php?id=61552159950965"]}]}},"_links":{"self":[{"href":"https:\/\/mmbobd2.com\/en\/wp-json\/wp\/v2\/product\/776","targetHints":{"allow":["GET"]}}],"collection":[{"href":"https:\/\/mmbobd2.com\/en\/wp-json\/wp\/v2\/product"}],"about":[{"href":"https:\/\/mmbobd2.com\/en\/wp-json\/wp\/v2\/types\/product"}],"wp:featuredmedia":[{"embeddable":true,"href":"https:\/\/mmbobd2.com\/en\/wp-json\/wp\/v2\/media\/777"}],"wp:attachment":[{"href":"https:\/\/mmbobd2.com\/en\/wp-json\/wp\/v2\/media?parent=776"}],"wp:term":[{"taxonomy":"product_brand","embeddable":true,"href":"https:\/\/mmbobd2.com\/en\/wp-json\/wp\/v2\/product_brand?post=776"},{"taxonomy":"product_cat","embeddable":true,"href":"https:\/\/mmbobd2.com\/en\/wp-json\/wp\/v2\/product_cat?post=776"},{"taxonomy":"product_tag","embeddable":true,"href":"https:\/\/mmbobd2.com\/en\/wp-json\/wp\/v2\/product_tag?post=776"}],"curies":[{"name":"wp","href":"https:\/\/api.w.org\/{rel}","templated":true}]}}