{"id":783,"date":"2023-11-22T17:20:28","date_gmt":"2023-11-22T17:20:28","guid":{"rendered":"https:\/\/mmbobd2.com\/?post_type=product&#038;p=783"},"modified":"2023-11-22T17:20:29","modified_gmt":"2023-11-22T17:20:29","slug":"prosis-volvo-2019","status":"publish","type":"product","link":"https:\/\/mmbobd2.com\/en\/product\/prosis-volvo-2019\/","title":{"rendered":"PROSIS VOLVO 2019"},"content":{"rendered":"<h2 style=\"text-align: center;\"><strong>PROSIS VOLVO 2019<\/strong><\/h2>\n<p>&nbsp;<\/p>\n<h4><strong>CATALOGUE DE PI\u00c8CES \u00c9LECTRONIQUES + MANUELS D&rsquo;ATELIER + SCH\u00c9MAS DE C\u00c2BLAGE<\/strong><\/h4>\n<p><span>Prosis Comprend une vaste base de donn\u00e9es de donn\u00e9es techniques, de manuels de r\u00e9paration, de sch\u00e9mas de c\u00e2blage et d&rsquo;illustrations, offrant aux utilisateurs une connaissance approfondie des machines Volvo. Cela permet aux techniciens de d\u00e9panner et de diagnostiquer facilement les probl\u00e8mes li\u00e9s aux machines, ce qui permet des r\u00e9parations plus rapides et plus efficace<a href=\"https:\/\/mmbobd2.com\/en\/\">s<\/a>.<\/span><\/p>\n<p><span>T\u00e9l\u00e9chargement num\u00e9riqu<a href=\"https:\/\/www.volvoce.com\/france\/fr-fr\/?gad_source=1&amp;gclid=Cj0KCQiA6vaqBhCbARIsACF9M6nMewupwV2NZIkYjL88HxGoKo8kSwhjJeZqt0qkM2LS9yus2HM2jIUaAh6HEALw_wcB\">e<\/a><br \/>\n<\/span><\/p>\n<h4><strong><span>Volvo Prosis 2019<\/span><\/strong><\/h4>\n<h4><strong><span>Caract\u00e9ristiques:<\/span><\/strong><\/h4>\n<p><span>V\u00e9hicules articul\u00e9s <\/span><br \/>\n<span>Compacteurs d&rsquo;asphalte <\/span><br \/>\n<span>Tractopelles Pelles <\/span><br \/>\n<span>compactes Chargeuses <\/span><br \/>\n<span>compactes Pelles Abatteuses <\/span><br \/>\n<span>-empileuses <\/span><br \/>\n<span>Niveleuses Pipelayers <\/span><br \/>\n<span>Civi\u00e8res R\u00e8gles Chargeuses compactes Compacteurs de sol Mat\u00e9riel de fraisage sur chenilles Finisseurs sur chenilles Chargeuses sur pneus Mat\u00e9riel de fraisage sur roues Pav\u00e9s avec roues mod\u00e8le additionnel<\/span><\/p>\n<p><span>Composants et accessoires <\/span><br \/>\n<span>Accessoires, climatisation, pack de graisse automatique, c\u00e2bles et connecteurs, arbres de transmission, moteurs, transmissions hydrauliques, transmissions manuelles, groupes motopropulseurs, normes de flexibles<\/span><\/p>\n<h4><strong><span>fonctionnalit\u00e9s\u00a0:<\/span><\/strong><\/h4>\n<h4>\n<span>Recherche de pi\u00e8ces et de num\u00e9ros de pi\u00e8ces.<\/span><br \/>\n<span>Documentation d&rsquo;entretien et de r\u00e9paration. <\/span><br \/>\n<span>Sch\u00e9mas \u00e9lectriques\/hydrauliques<\/span><br \/>\n<span>Documentation technique<\/span><br \/>\n<span>Manuels d&rsquo;utilisation<\/span><br \/>\n<span>R\u00e9solution de probl\u00e8mesBudget<\/span><br \/>\n<span>de maintenanceConsignes de s\u00e9curit\u00e9Guide horaireOutils sp\u00e9ciauxFiches machinesIndex des mod\u00e8lesFonctions de zoomImprimer des textes et des illustrations de haute qualit\u00e9.<\/span><\/h4>\n<h4><strong><span>Mod\u00e8les inclus dans PROSIS VOLVO 2019<br \/>\n<\/span><\/strong><\/h4>\n<p><span>Tombereaux articul\u00e9s <\/span><br \/>\n<span>5350, 5350B, 5350B 4\u00d74, 5350B 6\u00d74, 860, 861, A20, A20 6\u00d74, A20C, A25, A25 4\u00d74, A25 6\u00d74, A25B, A25B 4\u00d74, A25C, A25C 4\u00d74, A25D, A25D 4\u00d74, A25E, A25E 4\u00d74, A25F, A25G, A30, A30C, A30D, A30E, A30F, A30G, A35, A35C, A35D, A35E, A35E FS, A35F, A35F FS , A35G, A35G FS, A40, A40D, A40E, A40E FS, A40F, A40F FS, A40G, A40G FS, T450D<\/span><\/p>\n<p><span>Compacteurs d&rsquo;asphalte <\/span><br \/>\n<span>CR24, CR30, DD14S, DD15, DD16, DD22, DD24, DD25, DD25B, DD29, DD30, DD31HF, DD38HF, DD70, DD70HF, DD80, DD85, DD90, DD90HF, DD95, DD100, DD100HF, DD110B, DD112HF, DD118HA, DD118HF, DD118HFA, DD120, DD120B, DD126HF, DD132HF, DD136HF, DD138HA, DD138HF, DD138HFA, DD140, DD140B, DD146HF, PT125, PT220, PT220RH, PT24 0DR<\/span><\/p>\n<p><span>Tractopelles <\/span><br \/>\n<span>BL60, BL60B, BL61, BL61 Plus, BL61B, BL70, BL70B, BL71, BL71 Plus, BL71B<\/span><\/p>\n<p><span>Pelles compactes <\/span><br \/>\n<span>EC13 XR, EC13 XTV, EC14, EC15 XR, EC15 XT, EC15 XTV, EC15B XR, EC15B XT, EC15B XTV, EC15C, EC17C, EC18C, EC20 XT, EC20 XTV, EC20B XT, EC20B XTV, EC20C, EC25, EC27C, EC30, EC35, EC35C, EC45, EC50, EC50 VV, EC55, EC55-2, EC55-EU, EC55B, EC55C, EC60C, EC70, EC70 VV, EC80D, ECR25D, ECR28, ECR38, ECR48C, ECR50D, ECR58, ECR58D, ECR88, ECR88D, EW50, EW50 VV, EW55, EW55B, EW60C, EW70, EW70 VV<\/span><\/p>\n<p><span>Chargeuses sur pneus compactes <\/span><br \/>\n<span>L20B, L20F, L25B, L25F, L30, L30B, L30G, L32, L32B, L35, L35B, L35G, L40, L40B, L45, L45B, L45F, L45G, L50F, L50G, ZL302C, ZL402C, ZL502C<\/span><\/p>\n<p><span>Pelles <\/span><br \/>\n<span>EC130, EC130C, EC135B LC, EC140 LC, EC140 LCM, EC140B LC, EC140B LCM, EC140C L, EC140C LM, EC140D L, EC140D LM, EC150, EC150 LC, EC150C, EC160, EC160B LC, EC160B NLC, EC160C L , EC160C NL, EC160D L, EC160D NL, EC170D, EC170D L, EC180B LC, EC180C L, EC180D L, EC200, EC200B, EC210, EC210 F, EC210 LC, EC210 LR, EC210 NLC, EC210B F, EC210B FX, EC210B LC, EC210B LR, EC210B NC, EC210B NLC, EC210C L, EC210C LD, EC210C LR, EC210C N, EC210C NL, EC220D, EC220D L, EC220D LR, EC220D N, EC220D NL, EC220E L, EC220E LD, EC220E LR, EC2 20EN, EC220E NH, EC220E NL, EC220E NLD, EC230, EC230B, EC235C LD, EC235C NL, EC235D NL, EC240, EC240 LC, EC240 LR, EC240 NLC, EC240B FX, EC240B LC, EC240B LR, EC240B NLC, EC240C L, EC 240C LD , EC240C LR, EC240C NL, EC250D, EC250D L, EC250D LR, EC250D NL, EC250E L, EC250E LD, EC250E LR, EC250E NL, EC250E NLD, EC280, EC290, EC290 LC, EC290 LR, EC290 NLC, EC290B FX , EC290B LC, EC290B LCD, EC290B LR, EC290B NLC, EC290C L, EC290C LD, EC290C LR, EC290C NL, EC300, EC300D L, EC300D LD, EC300D LR, EC300D NL, EC300E L, EC300E LD, EC300E LR, EC300E NL , EC300E NLD, EC330B LC, EC330C L, EC330C LD, EC340, EC340D L, EC350D, EC350D L, EC350E L, EC360, EC360 LC, EC360 NLC, EC360B LC, EC360B LR, EC360B NLC, EC360C HR, EC360C L, EC360C LD, EC360C NL, EC380D HR, EC380D L, EC380D NL, EC380E HR, EC380E L, EC380E LR, EC380E NL, EC390, EC420, EC450, EC460, EC460 LC, EC460B LC, EC460B LR, EC460C HR, EC460C L, EC460C LD , EC480D HR, EC480D L, EC480E HR, EC480E L, EC480E LD, EC480E LR, EC620, EC650, EC700B HR, EC700B LC, EC700C HR, EC700C L, EC700C LD, ECR145C L, ECR145D L, ECR235C L, ECR235D L, ECR305C L, EW130, EW130C, EW140, EW140B, EW140C, EW140D, EW145B, EW150, EW150C, EW160, EW160B, EW160C, EW160D, EW160E, EW170, EW170 KR, EW180, EW180B , EW180C, EW180E, EW180D, EW200, EW200B, EW205D , EW210C, EW210D, EW230, EW230B, EW230C, FC2121C, FC2421C, FC2924C, FC3329C<\/span><\/p>\n<p><span>Niveleuses <\/span><br \/>\n<span>G710, G710 VHP, G710B, G716 VHP, G720, G720 VHP, G720B, G726 VHP, G726B, G730, G730 VHP, G730B, G736 VHP, G740, G740 VHP, G740B, G746B, G780, G780 VHP, G7 80B, G930, G930B, G930C, G940, G940B, G940C, G946, G946B, G946C, G960, G960B, G960C, G970, G976, G990<\/span><\/p>\n<p><span>Poseurs de canalisations <\/span><br \/>\n<span>PL3005D, PL4608, PL4611, PL4809D<\/span><\/p>\n<p><span>\u00c9largisseurs de route <\/span><br \/>\n<span>RW100A, RW195D<\/span><\/p>\n<p><span>Chapes <\/span><br \/>\n<span>10 FT \u00c9lectrique WL, 10 FT Wedgelock, 2.5\/5B HSE, 3\/6 HSE, CDT121, MB120, MB122, MB120 Vario, MB122 Vario, Omni 1A, Omni 1000, Omni 1011, Omni 1021, Omni 318, Omni IIIA, Omni IIIE, Omni V, Ultimat 10, Ultimat 16, Ultimat 20, Ultimat 8, Ultimat 200, VB30, VB50, VB78 ETC, VB78 GTC, VB79 ETC, VB88 ETC, VB88GTC, VB89 ETC, VB-T78 ETC, VB-T78 GTC, VB-V 50, VDT120, VDT120 Vario, VDT121, VDT121 Vario, VDT-V78 ETC, VDT-V78 GTC, VDT-V88 GTC, VDT-V89 ETC<\/span><\/p>\n<p><span>Chargeuses compactes <\/span><br \/>\n<span>MC60, MC60B, MC60C, MC70, MC70B, MC70C, MC80, MC80B, MC85C, MC90, MC90B, MC95C, MC105C, MC110, MC110B, MC110C, MC115C, MC125C, MC135C, MC155C, MCT70C, MCT85C, MCT95C, MCT110C , MCT125C, MCT135C, MCT145C<\/span><\/p>\n<p><span>Compacteurs de sol <\/span><br \/>\n<span>SD100 C, SD100D, SD100D C, SD100F C, SD105, SD105F, SD110, SD110C, SD115, SD115D, SD115F, SD116DX, SD116F, SD122, SD130, SD130D, SD130DX, SD130F, SD135, SD150, SD16 0, SD160DX, SD190 , SD190DX, SD200, SD200DX, SD25, SD25D, SD25F, SD45, SD45D, SD45F, SD70, SD70D, SD70F, SD75, SD77DA, SD77DX, SD77F<\/span><\/p>\n<p><span>Fraiseuse sur chenilles <\/span><br \/>\n<span>MT2000<\/span><\/p>\n<p><span>Finisseurs sur chenilles <\/span><br \/>\n<span>ABG325, ABG2820, ABG5820, ABG6820, ABG7820, ABG7820B, ABG8820, ABG8820B, ABG9820, P6820C ABG, P7110, P7820C ABG, P8720B, P8820C ABG, PF4410, PF6110<\/span><\/p>\n<p><span>Chargeuses sur pneus <\/span><br \/>\n<span>616B, 646, 4200, 4200B, 4300, 4300B, 4400, 4500, 4600, 4600B, 6300, EL70, EL70C, L50, L50B, L50C, L50C OR, L50D, L50E, L60E, L60E OR, L 60F, L60G, L60H, L70, L70B, L70C, L70D, L70D OR, L70E, L70E OR, L70F, L70G, L70H, L90, L90 CO, L90B, L90C, L90C OR, L90D, L90D OR, L90E, L90E OR, L90F, L90G, L90H, L105, L110E, L110F, L110G, L110H, L120, L120B, L120C, L120D, L120E, L120F, L120G, L120H, L150, L150C, L150C, L150C LB, L150D, L150E, L150 F, L150G, L150H, L160, L160 CO, L180, L180 CO, L180 HL, L180C, L180C CO, L180C HL, L180D, L180D HL, L180E, L180E HL, L180F, L180F HL, L180G, L180G HL, L180H, L180H HL, L220D, L220E , L220F, L220G , L220H, L250G, L250H, L330C, L330C LL, L330D, L330E, L350F<\/span><\/p>\n<p><span>Fraiseuse sur roues <\/span><br \/>\n<span>MW500<\/span><\/p>\n<p><span>Finisseurs sur pneus <\/span><br \/>\n<span>ABG3870, ABG4361, ABG4371, ABG5770, ABG5870, ABG6870, AGS 7.5, P4370B, P5770C ABG, P5870C ABG, P6870C ABG, P7170, PF161, PF2181, PF3172, PF3200, PF 6160, PF6170, commandes de finisseur<\/span><\/p>\n<p><span>Composants et accessoires <\/span><br \/>\n<span>Accessoires, climatisation, syst\u00e8me de graissage automatique, c\u00e2bles et connecteurs, essieux moteurs, moteurs, transmissions hydrauliques, transmissions manuelles, groupes motopropulseurs<\/span><\/p>\n<p>&nbsp;<\/p>\n<p><span>Pour le syst\u00e8me d&rsquo;exploitation Windows 10 64 bits<\/span><\/p>\n<p><span>Catalogue de pi\u00e8ces d\u00e9tach\u00e9es Volvo Construction Equipement, documentation de r\u00e9paration et d&rsquo;entretien, outils sp\u00e9ciaux, diagnostics, guide horaire et bien plus encore.<\/span><\/p>\n<p><span>Vous recevrez un lien vers le service cloud pour t\u00e9l\u00e9charger le programme sous licence \u00e0 vie !<\/span><\/p>\n<p>PROSIS VOLVO 2019<\/p>\n<p><strong><span>Langues\u00a0:<\/span><\/strong>\u00a0<span> anglais, espagnol, fran\u00e7ais, allemand, italien, japonais, russe, su\u00e9dois, cor\u00e9en<\/span><\/p>","protected":false},"excerpt":{"rendered":"<p><em>Prosis Volvo 2019 : Catalogue \u00e9lectronique complet avec manuels d&rsquo;atelier, sch\u00e9mas de c\u00e2blage et documentation technique pour la r\u00e9paration et l&rsquo;entretien des machines Volvo.<\/em><\/p>","protected":false},"featured_media":784,"template":"","meta":[],"product_brand":[],"product_cat":[19],"product_tag":[],"class_list":{"0":"post-783","1":"product","2":"type-product","3":"status-publish","4":"has-post-thumbnail","6":"product_cat-epc-et-manuels-de-reparation-trucks","8":"first","9":"instock","10":"downloadable","11":"virtual","12":"purchasable","13":"product-type-simple"},"yoast_head":"<!-- This site is optimized with the Yoast SEO plugin v27.4 - https:\/\/yoast.com\/product\/yoast-seo-wordpress\/ -->\n<title>PROSIS VOLVO 2019 - MMB OBD2 SOFTWARE<\/title>\n<meta name=\"description\" content=\"Prosis Volvo 2019 : Catalogue complet avec manuels d&#039;atelier, sch\u00e9mas de c\u00e2blage et documentation technique pour la r\u00e9paration des machines Volvo.\" \/>\n<meta name=\"robots\" content=\"index, follow, max-snippet:-1, max-image-preview:large, max-video-preview:-1\" \/>\n<link rel=\"canonical\" href=\"https:\/\/mmbobd2.com\/en\/product\/prosis-volvo-2019\/\" \/>\n<meta property=\"og:locale\" content=\"en_GB\" \/>\n<meta property=\"og:type\" content=\"article\" \/>\n<meta property=\"og:title\" content=\"PROSIS VOLVO 2019\" \/>\n<meta property=\"og:description\" content=\"Prosis Volvo 2019 : Catalogue \u00e9lectronique complet avec manuels d&#039;atelier, sch\u00e9mas de c\u00e2blage et documentation technique pour la r\u00e9paration et l&#039;entretien des machines Volvo.\" \/>\n<meta property=\"og:url\" content=\"https:\/\/mmbobd2.com\/en\/product\/prosis-volvo-2019\/\" \/>\n<meta property=\"og:site_name\" content=\"MMB OBD2 SOFTWARE\" \/>\n<meta property=\"article:publisher\" content=\"https:\/\/www.facebook.com\/profile.php?id=61552159950965\" \/>\n<meta property=\"article:modified_time\" content=\"2023-11-22T17:20:29+00:00\" \/>\n<meta property=\"og:image\" content=\"https:\/\/mmbobd2.com\/wp-content\/uploads\/2023\/11\/VOLVOPROSIS-jpg.webp\" \/>\n\t<meta property=\"og:image:width\" content=\"1000\" \/>\n\t<meta property=\"og:image:height\" content=\"1000\" \/>\n\t<meta property=\"og:image:type\" content=\"image\/jpeg\" \/>\n<meta name=\"twitter:card\" content=\"summary_large_image\" \/>\n<meta name=\"twitter:label1\" content=\"Estimated reading time\" \/>\n\t<meta name=\"twitter:data1\" content=\"7 minutes\" \/>\n<script type=\"application\/ld+json\" class=\"yoast-schema-graph\">{\"@context\":\"https:\\\/\\\/schema.org\",\"@graph\":[{\"@type\":\"WebPage\",\"@id\":\"https:\\\/\\\/mmbobd2.com\\\/product\\\/prosis-volvo-2019\\\/\",\"url\":\"https:\\\/\\\/mmbobd2.com\\\/product\\\/prosis-volvo-2019\\\/\",\"name\":\"PROSIS VOLVO 2019 - MMB OBD2 SOFTWARE\",\"isPartOf\":{\"@id\":\"https:\\\/\\\/mmbobd2.com\\\/#website\"},\"primaryImageOfPage\":{\"@id\":\"https:\\\/\\\/mmbobd2.com\\\/product\\\/prosis-volvo-2019\\\/#primaryimage\"},\"image\":{\"@id\":\"https:\\\/\\\/mmbobd2.com\\\/product\\\/prosis-volvo-2019\\\/#primaryimage\"},\"thumbnailUrl\":\"https:\\\/\\\/i0.wp.com\\\/mmbobd2.com\\\/wp-content\\\/uploads\\\/2023\\\/11\\\/VOLVOPROSIS-jpg.webp?fit=1000%2C1000&ssl=1\",\"datePublished\":\"2023-11-22T17:20:28+00:00\",\"dateModified\":\"2023-11-22T17:20:29+00:00\",\"description\":\"Prosis Volvo 2019 : Catalogue complet avec manuels d'atelier, sch\u00e9mas de c\u00e2blage et documentation technique pour la r\u00e9paration des machines Volvo.\",\"breadcrumb\":{\"@id\":\"https:\\\/\\\/mmbobd2.com\\\/product\\\/prosis-volvo-2019\\\/#breadcrumb\"},\"inLanguage\":\"en-GB\",\"potentialAction\":[{\"@type\":\"ReadAction\",\"target\":[\"https:\\\/\\\/mmbobd2.com\\\/product\\\/prosis-volvo-2019\\\/\"]}]},{\"@type\":\"ImageObject\",\"inLanguage\":\"en-GB\",\"@id\":\"https:\\\/\\\/mmbobd2.com\\\/product\\\/prosis-volvo-2019\\\/#primaryimage\",\"url\":\"https:\\\/\\\/i0.wp.com\\\/mmbobd2.com\\\/wp-content\\\/uploads\\\/2023\\\/11\\\/VOLVOPROSIS-jpg.webp?fit=1000%2C1000&ssl=1\",\"contentUrl\":\"https:\\\/\\\/i0.wp.com\\\/mmbobd2.com\\\/wp-content\\\/uploads\\\/2023\\\/11\\\/VOLVOPROSIS-jpg.webp?fit=1000%2C1000&ssl=1\",\"width\":1000,\"height\":1000,\"caption\":\"PROSIS VOLVO\"},{\"@type\":\"BreadcrumbList\",\"@id\":\"https:\\\/\\\/mmbobd2.com\\\/product\\\/prosis-volvo-2019\\\/#breadcrumb\",\"itemListElement\":[{\"@type\":\"ListItem\",\"position\":1,\"name\":\"Accueil\",\"item\":\"https:\\\/\\\/mmbobd2.com\\\/\"},{\"@type\":\"ListItem\",\"position\":2,\"name\":\"Boutique\",\"item\":\"https:\\\/\\\/mmbobd2.com\\\/logiciels-de-diagnostic-automobiles\\\/\"},{\"@type\":\"ListItem\",\"position\":3,\"name\":\"PROSIS VOLVO 2019\"}]},{\"@type\":\"WebSite\",\"@id\":\"https:\\\/\\\/mmbobd2.com\\\/#website\",\"url\":\"https:\\\/\\\/mmbobd2.com\\\/\",\"name\":\"MMB OBD2 SOFTWARE\",\"description\":\"\",\"publisher\":{\"@id\":\"https:\\\/\\\/mmbobd2.com\\\/#organization\"},\"alternateName\":\"mmbsoftauto\",\"potentialAction\":[{\"@type\":\"SearchAction\",\"target\":{\"@type\":\"EntryPoint\",\"urlTemplate\":\"https:\\\/\\\/mmbobd2.com\\\/?s={search_term_string}\"},\"query-input\":{\"@type\":\"PropertyValueSpecification\",\"valueRequired\":true,\"valueName\":\"search_term_string\"}}],\"inLanguage\":\"en-GB\"},{\"@type\":\"Organization\",\"@id\":\"https:\\\/\\\/mmbobd2.com\\\/#organization\",\"name\":\"MMB COMPANY\",\"url\":\"https:\\\/\\\/mmbobd2.com\\\/\",\"logo\":{\"@type\":\"ImageObject\",\"inLanguage\":\"en-GB\",\"@id\":\"https:\\\/\\\/mmbobd2.com\\\/#\\\/schema\\\/logo\\\/image\\\/\",\"url\":\"https:\\\/\\\/mmbobd2.com\\\/wp-content\\\/uploads\\\/2023\\\/10\\\/LOGO-ROND-MMB-200.png\",\"contentUrl\":\"https:\\\/\\\/mmbobd2.com\\\/wp-content\\\/uploads\\\/2023\\\/10\\\/LOGO-ROND-MMB-200.png\",\"width\":200,\"height\":200,\"caption\":\"MMB COMPANY\"},\"image\":{\"@id\":\"https:\\\/\\\/mmbobd2.com\\\/#\\\/schema\\\/logo\\\/image\\\/\"},\"sameAs\":[\"https:\\\/\\\/www.facebook.com\\\/profile.php?id=61552159950965\"]}]}<\/script>\n<!-- \/ Yoast SEO plugin. -->","yoast_head_json":{"title":"PROSIS VOLVO 2019 - MMB OBD2 SOFTWARE","description":"Prosis Volvo 2019 : Catalogue complet avec manuels d'atelier, sch\u00e9mas de c\u00e2blage et documentation technique pour la r\u00e9paration des machines Volvo.","robots":{"index":"index","follow":"follow","max-snippet":"max-snippet:-1","max-image-preview":"max-image-preview:large","max-video-preview":"max-video-preview:-1"},"canonical":"https:\/\/mmbobd2.com\/en\/product\/prosis-volvo-2019\/","og_locale":"en_GB","og_type":"article","og_title":"PROSIS VOLVO 2019","og_description":"Prosis Volvo 2019 : Catalogue \u00e9lectronique complet avec manuels d'atelier, sch\u00e9mas de c\u00e2blage et documentation technique pour la r\u00e9paration et l'entretien des machines Volvo.","og_url":"https:\/\/mmbobd2.com\/en\/product\/prosis-volvo-2019\/","og_site_name":"MMB OBD2 SOFTWARE","article_publisher":"https:\/\/www.facebook.com\/profile.php?id=61552159950965","article_modified_time":"2023-11-22T17:20:29+00:00","og_image":[{"width":1000,"height":1000,"url":"https:\/\/mmbobd2.com\/wp-content\/uploads\/2023\/11\/VOLVOPROSIS-jpg.webp","type":"image\/jpeg"}],"twitter_card":"summary_large_image","twitter_misc":{"Estimated reading time":"7 minutes"},"schema":{"@context":"https:\/\/schema.org","@graph":[{"@type":"WebPage","@id":"https:\/\/mmbobd2.com\/product\/prosis-volvo-2019\/","url":"https:\/\/mmbobd2.com\/product\/prosis-volvo-2019\/","name":"PROSIS VOLVO 2019 - MMB OBD2 SOFTWARE","isPartOf":{"@id":"https:\/\/mmbobd2.com\/#website"},"primaryImageOfPage":{"@id":"https:\/\/mmbobd2.com\/product\/prosis-volvo-2019\/#primaryimage"},"image":{"@id":"https:\/\/mmbobd2.com\/product\/prosis-volvo-2019\/#primaryimage"},"thumbnailUrl":"https:\/\/i0.wp.com\/mmbobd2.com\/wp-content\/uploads\/2023\/11\/VOLVOPROSIS-jpg.webp?fit=1000%2C1000&ssl=1","datePublished":"2023-11-22T17:20:28+00:00","dateModified":"2023-11-22T17:20:29+00:00","description":"Prosis Volvo 2019 : Catalogue complet avec manuels d'atelier, sch\u00e9mas de c\u00e2blage et documentation technique pour la r\u00e9paration des machines Volvo.","breadcrumb":{"@id":"https:\/\/mmbobd2.com\/product\/prosis-volvo-2019\/#breadcrumb"},"inLanguage":"en-GB","potentialAction":[{"@type":"ReadAction","target":["https:\/\/mmbobd2.com\/product\/prosis-volvo-2019\/"]}]},{"@type":"ImageObject","inLanguage":"en-GB","@id":"https:\/\/mmbobd2.com\/product\/prosis-volvo-2019\/#primaryimage","url":"https:\/\/i0.wp.com\/mmbobd2.com\/wp-content\/uploads\/2023\/11\/VOLVOPROSIS-jpg.webp?fit=1000%2C1000&ssl=1","contentUrl":"https:\/\/i0.wp.com\/mmbobd2.com\/wp-content\/uploads\/2023\/11\/VOLVOPROSIS-jpg.webp?fit=1000%2C1000&ssl=1","width":1000,"height":1000,"caption":"PROSIS VOLVO"},{"@type":"BreadcrumbList","@id":"https:\/\/mmbobd2.com\/product\/prosis-volvo-2019\/#breadcrumb","itemListElement":[{"@type":"ListItem","position":1,"name":"Accueil","item":"https:\/\/mmbobd2.com\/"},{"@type":"ListItem","position":2,"name":"Boutique","item":"https:\/\/mmbobd2.com\/logiciels-de-diagnostic-automobiles\/"},{"@type":"ListItem","position":3,"name":"PROSIS VOLVO 2019"}]},{"@type":"WebSite","@id":"https:\/\/mmbobd2.com\/#website","url":"https:\/\/mmbobd2.com\/","name":"MMB OBD2 SOFTWARE","description":"","publisher":{"@id":"https:\/\/mmbobd2.com\/#organization"},"alternateName":"mmbsoftauto","potentialAction":[{"@type":"SearchAction","target":{"@type":"EntryPoint","urlTemplate":"https:\/\/mmbobd2.com\/?s={search_term_string}"},"query-input":{"@type":"PropertyValueSpecification","valueRequired":true,"valueName":"search_term_string"}}],"inLanguage":"en-GB"},{"@type":"Organization","@id":"https:\/\/mmbobd2.com\/#organization","name":"MMB COMPANY","url":"https:\/\/mmbobd2.com\/","logo":{"@type":"ImageObject","inLanguage":"en-GB","@id":"https:\/\/mmbobd2.com\/#\/schema\/logo\/image\/","url":"https:\/\/mmbobd2.com\/wp-content\/uploads\/2023\/10\/LOGO-ROND-MMB-200.png","contentUrl":"https:\/\/mmbobd2.com\/wp-content\/uploads\/2023\/10\/LOGO-ROND-MMB-200.png","width":200,"height":200,"caption":"MMB COMPANY"},"image":{"@id":"https:\/\/mmbobd2.com\/#\/schema\/logo\/image\/"},"sameAs":["https:\/\/www.facebook.com\/profile.php?id=61552159950965"]}]}},"_links":{"self":[{"href":"https:\/\/mmbobd2.com\/en\/wp-json\/wp\/v2\/product\/783","targetHints":{"allow":["GET"]}}],"collection":[{"href":"https:\/\/mmbobd2.com\/en\/wp-json\/wp\/v2\/product"}],"about":[{"href":"https:\/\/mmbobd2.com\/en\/wp-json\/wp\/v2\/types\/product"}],"wp:featuredmedia":[{"embeddable":true,"href":"https:\/\/mmbobd2.com\/en\/wp-json\/wp\/v2\/media\/784"}],"wp:attachment":[{"href":"https:\/\/mmbobd2.com\/en\/wp-json\/wp\/v2\/media?parent=783"}],"wp:term":[{"taxonomy":"product_brand","embeddable":true,"href":"https:\/\/mmbobd2.com\/en\/wp-json\/wp\/v2\/product_brand?post=783"},{"taxonomy":"product_cat","embeddable":true,"href":"https:\/\/mmbobd2.com\/en\/wp-json\/wp\/v2\/product_cat?post=783"},{"taxonomy":"product_tag","embeddable":true,"href":"https:\/\/mmbobd2.com\/en\/wp-json\/wp\/v2\/product_tag?post=783"}],"curies":[{"name":"wp","href":"https:\/\/api.w.org\/{rel}","templated":true}]}}