{"id":785,"date":"2023-11-22T18:57:14","date_gmt":"2023-11-22T18:57:14","guid":{"rendered":"https:\/\/mmbobd2.com\/?post_type=product&#038;p=785"},"modified":"2023-11-22T18:57:16","modified_gmt":"2023-11-22T18:57:16","slug":"subaru-select-monitor-4-26-6-ssm4","status":"publish","type":"product","link":"https:\/\/mmbobd2.com\/en\/product\/subaru-select-monitor-4-26-6-ssm4\/","title":{"rendered":"Subaru Select Monitor 4 26.6 ( SSM4 )"},"content":{"rendered":"<h2 class=\"LC20lb MBeuO DKV0Md\" style=\"text-align: center;\"><strong>Subaru Select Monitor 4 26.6<\/strong><\/h2>\n<p>&nbsp;<\/p>\n<p>Subaru Select Monitor 4 26.6 offre une couverture et des fonctionnalit\u00e9s de syst\u00e8mes \u00e0 100 % au niveau du concessionnaire ; ann\u00e9es mod\u00e8les 2004 \u00e0 2023, sauf 2023+\u00a0 <span class=\"m_1521096133407991426SpellE\">Solterra<\/span> \u00a0(GTS). Le kit SSM IV comprend un ordinateur portable, un c\u00e2ble de diagnostic propri\u00e9taire \u00e0 16 broches, une interface Denso <a href=\"https:\/\/mmbobd2.com\/en\/product\/elsawin-6-0-vag-group\/\">DST-i<\/a>, une carte SD et un logiciel de diagnostic <a href=\"https:\/\/www.subaru.fr\/\">Subaru<\/a> SSM IV sous licence appropri\u00e9e.<\/p>\n<p>\u00c0 la livraison, l&rsquo;ordinateur portable (avec le logiciel pr\u00e9charg\u00e9) sera correctement activ\u00e9 et enregistr\u00e9 pour votre utilisation imm\u00e9diate. Douze mois de mises \u00e0 jour logicielles sont inclus.<\/p>\n<p><span class=\"\">Le Subaru Select Monitor IV offre une couverture et des fonctionnalit\u00e9s de syst\u00e8mes identiques \u00e0 celles utilis\u00e9es dans le r\u00e9seau de concessionnaires Subaru, notamment les codes de cl\u00e9 intelligente, l&rsquo;enregistrement des cl\u00e9s, l&rsquo;entr\u00e9e sans cl\u00e9, la d\u00e9tection des angles morts, le compteur combin\u00e9, la t\u00e9l\u00e9matique et le r\u00e9gulateur de vitesse adaptatif.<\/span><\/p>\n<p>Le SSM4 est l&rsquo;outil de diagnostic d&rsquo;usine Subaru, fournissant le dernier code de diagnostic d&rsquo;usine et les fichiers de reprogrammation pour les v\u00e9hicules Subaru. Le plus souvent, il est utilis\u00e9 par les techniciens automobiles professionnels. Le kit couvre actuellement les ann\u00e9es mod\u00e8les 2004 \u00e0 2023, \u00e0 l&rsquo;exception\u00a0 <span class=\"m_1521096133407991426SpellE\">du Solterra<\/span> 2023+ \u00a0(GTS), avec des mises \u00e0 jour trimestrielles gratuites pendant 12 mois, fournies par Subaru. La couverture et les fonctionnalit\u00e9s du logiciel du v\u00e9hicule sont les m\u00eames que celles du logiciel utilis\u00e9 chez les concessionnaires franchis\u00e9s Subaru.<\/p>\n<p>Le kit SSM4 comprend un ordinateur portable, un c\u00e2ble de diagnostic \u00e0 16 broches, un DST-i (DENSO Scan Tool Interface), une carte SD et un logiciel de diagnostic Subaru SSM4 sous licence.<\/p>\n<p>Pour tous les cas o\u00f9 une interface est n\u00e9cessaire pour diagnostiquer les v\u00e9hicules de 2004 et plus r\u00e9cents, le DST-i doit \u00eatre utilis\u00e9.<\/p>\n<p>Le DST-i peut \u00eatre utilis\u00e9 en combinaison avec le logiciel SSM3 pour tous les v\u00e9hicules de 2004 \u00e0 2015. (Dans le menu principal de SSM3, utilisez le bouton F10 pour s\u00e9lectionner l&rsquo;interface appropri\u00e9e.)<\/p>\n<p>Le DST-i doit \u00eatre utilis\u00e9 en combinaison avec le logiciel SSM4 pour tous les v\u00e9hicules 2016 et plus r\u00e9cents.<\/p>\n<p>*SSM4 est uniquement compatible avec Windows 10 . Et s&rsquo;il est utilis\u00e9 avec un autre syst\u00e8me d&rsquo;exploitation, l&rsquo;interface de diagnostic peut g\u00e9n\u00e9rer des erreurs.<\/p>\n<p>DST-i offre des fonctionnalit\u00e9s de haute technologie telles que la d\u00e9tection automatique des v\u00e9hicules et l&rsquo;enregistrement des donn\u00e9es.<\/p>\n<h4><b>Moniteur Subaru Select 4 \u2013 Caract\u00e9ristiques<\/b><\/h4>\n<ul>\n<li aria-level=\"1\">Diagnostic de tout le syst\u00e8me<\/li>\n<\/ul>\n<ul>\n<li aria-level=\"1\">Enregistrement des donn\u00e9es<\/li>\n<\/ul>\n<ul>\n<li aria-level=\"1\">Effacer les codes d&rsquo;erreur<\/li>\n<\/ul>\n<ul>\n<li aria-level=\"1\">Tests actifs<\/li>\n<\/ul>\n<ul>\n<li aria-level=\"1\">G\u00e9rer les projets<\/li>\n<\/ul>\n<ul>\n<li aria-level=\"1\">Compensation des injecteurs<\/li>\n<\/ul>\n<ul>\n<li aria-level=\"1\">R\u00e9initialisation de la m\u00e9moire de l&rsquo;ECU du v\u00e9hicule<\/li>\n<\/ul>\n<ul>\n<li aria-level=\"1\">Correction de la quantit\u00e9 inject\u00e9e<\/li>\n<\/ul>\n<ul>\n<li aria-level=\"1\">Correction du CRG<\/li>\n<\/ul>\n<ul>\n<li aria-level=\"1\">\u00c9talonnages du poids du si\u00e8ge<\/li>\n<\/ul>\n<ul>\n<li aria-level=\"1\">L&rsquo;angle de braquage r\u00e9apprend<\/li>\n<\/ul>\n<ul>\n<li aria-level=\"1\">\u00c9talonnages ADAS EyeSight<\/li>\n<\/ul>\n<ul>\n<li aria-level=\"1\">Effacement de la valeur d&rsquo;apprentissage de la pompe \u00e0 carburant<\/li>\n<\/ul>\n<ul>\n<li aria-level=\"1\"><span class=\"\">\u00a0Acc\u00e8s \u00e0 l&rsquo;enregistrement de la cl\u00e9 intelligente, \u00e0 l&rsquo;entr\u00e9e sans cl\u00e9<\/span><\/li>\n<\/ul>","protected":false},"excerpt":{"rendered":"<p>Subaru Select Monitor IV 26.6 : Diagnostic professionnel couvre tout les mod\u00e8les de 2004 \u00e0 2023, incluant les fonctionnalit\u00e9s du concessionnaires Subaru.<\/p>","protected":false},"featured_media":786,"template":"","meta":[],"product_brand":[],"product_cat":[16],"product_tag":[],"class_list":{"0":"post-785","1":"product","2":"type-product","3":"status-publish","4":"has-post-thumbnail","6":"product_cat-diagnostic-automobiles","8":"first","9":"instock","10":"downloadable","11":"virtual","12":"purchasable","13":"product-type-simple"},"yoast_head":"<!-- This site is optimized with the Yoast SEO plugin v27.4 - https:\/\/yoast.com\/product\/yoast-seo-wordpress\/ -->\n<title>Subaru Select Monitor 4 26.6 - MMB OBD2 SOFTWARE<\/title>\n<meta name=\"description\" content=\"Subaru Select Monitor IV 26.6 : Diagnostic professionnel couvre tout les mod\u00e8les de 2004 \u00e0 2023, incluant les fonctionnalit\u00e9s du concessionnaires Subaru.\" \/>\n<meta name=\"robots\" content=\"index, follow, max-snippet:-1, max-image-preview:large, max-video-preview:-1\" \/>\n<link rel=\"canonical\" href=\"https:\/\/mmbobd2.com\/en\/product\/subaru-select-monitor-4-26-6-ssm4\/\" \/>\n<meta property=\"og:locale\" content=\"en_GB\" \/>\n<meta property=\"og:type\" content=\"article\" \/>\n<meta property=\"og:title\" content=\"Subaru Select Monitor 4 26.6\" \/>\n<meta property=\"og:description\" content=\"Subaru Select Monitor IV 26.6 : Diagnostic professionnel couvre tout les mod\u00e8les de 2004 \u00e0 2023, incluant les fonctionnalit\u00e9s du concessionnaires Subaru.\" \/>\n<meta property=\"og:url\" content=\"https:\/\/mmbobd2.com\/en\/product\/subaru-select-monitor-4-26-6-ssm4\/\" \/>\n<meta property=\"og:site_name\" content=\"MMB OBD2 SOFTWARE\" \/>\n<meta property=\"article:publisher\" content=\"https:\/\/www.facebook.com\/profile.php?id=61552159950965\" \/>\n<meta property=\"article:modified_time\" content=\"2023-11-22T18:57:16+00:00\" \/>\n<meta property=\"og:image\" content=\"https:\/\/mmbobd2.com\/wp-content\/uploads\/2023\/11\/SSM4-jpg.webp\" \/>\n\t<meta property=\"og:image:width\" content=\"1000\" \/>\n\t<meta property=\"og:image:height\" content=\"1000\" \/>\n\t<meta property=\"og:image:type\" content=\"image\/jpeg\" \/>\n<meta name=\"twitter:card\" content=\"summary_large_image\" \/>\n<meta name=\"twitter:label1\" content=\"Estimated reading time\" \/>\n\t<meta name=\"twitter:data1\" content=\"3 minutes\" \/>\n<script type=\"application\/ld+json\" class=\"yoast-schema-graph\">{\"@context\":\"https:\\\/\\\/schema.org\",\"@graph\":[{\"@type\":\"WebPage\",\"@id\":\"https:\\\/\\\/mmbobd2.com\\\/product\\\/subaru-select-monitor-4-26-6-ssm4\\\/\",\"url\":\"https:\\\/\\\/mmbobd2.com\\\/product\\\/subaru-select-monitor-4-26-6-ssm4\\\/\",\"name\":\"Subaru Select Monitor 4 26.6 - MMB OBD2 SOFTWARE\",\"isPartOf\":{\"@id\":\"https:\\\/\\\/mmbobd2.com\\\/#website\"},\"primaryImageOfPage\":{\"@id\":\"https:\\\/\\\/mmbobd2.com\\\/product\\\/subaru-select-monitor-4-26-6-ssm4\\\/#primaryimage\"},\"image\":{\"@id\":\"https:\\\/\\\/mmbobd2.com\\\/product\\\/subaru-select-monitor-4-26-6-ssm4\\\/#primaryimage\"},\"thumbnailUrl\":\"https:\\\/\\\/i0.wp.com\\\/mmbobd2.com\\\/wp-content\\\/uploads\\\/2023\\\/11\\\/SSM4-jpg.webp?fit=1000%2C1000&ssl=1\",\"datePublished\":\"2023-11-22T18:57:14+00:00\",\"dateModified\":\"2023-11-22T18:57:16+00:00\",\"description\":\"Subaru Select Monitor IV 26.6 : Diagnostic professionnel couvre tout les mod\u00e8les de 2004 \u00e0 2023, incluant les fonctionnalit\u00e9s du concessionnaires Subaru.\",\"breadcrumb\":{\"@id\":\"https:\\\/\\\/mmbobd2.com\\\/product\\\/subaru-select-monitor-4-26-6-ssm4\\\/#breadcrumb\"},\"inLanguage\":\"en-GB\",\"potentialAction\":[{\"@type\":\"ReadAction\",\"target\":[\"https:\\\/\\\/mmbobd2.com\\\/product\\\/subaru-select-monitor-4-26-6-ssm4\\\/\"]}]},{\"@type\":\"ImageObject\",\"inLanguage\":\"en-GB\",\"@id\":\"https:\\\/\\\/mmbobd2.com\\\/product\\\/subaru-select-monitor-4-26-6-ssm4\\\/#primaryimage\",\"url\":\"https:\\\/\\\/i0.wp.com\\\/mmbobd2.com\\\/wp-content\\\/uploads\\\/2023\\\/11\\\/SSM4-jpg.webp?fit=1000%2C1000&ssl=1\",\"contentUrl\":\"https:\\\/\\\/i0.wp.com\\\/mmbobd2.com\\\/wp-content\\\/uploads\\\/2023\\\/11\\\/SSM4-jpg.webp?fit=1000%2C1000&ssl=1\",\"width\":1000,\"height\":1000,\"caption\":\"Subaru Select Monitor 4 26.6\"},{\"@type\":\"BreadcrumbList\",\"@id\":\"https:\\\/\\\/mmbobd2.com\\\/product\\\/subaru-select-monitor-4-26-6-ssm4\\\/#breadcrumb\",\"itemListElement\":[{\"@type\":\"ListItem\",\"position\":1,\"name\":\"Accueil\",\"item\":\"https:\\\/\\\/mmbobd2.com\\\/\"},{\"@type\":\"ListItem\",\"position\":2,\"name\":\"Boutique\",\"item\":\"https:\\\/\\\/mmbobd2.com\\\/logiciels-de-diagnostic-automobiles\\\/\"},{\"@type\":\"ListItem\",\"position\":3,\"name\":\"Subaru Select Monitor 4 26.6 ( SSM4 )\"}]},{\"@type\":\"WebSite\",\"@id\":\"https:\\\/\\\/mmbobd2.com\\\/#website\",\"url\":\"https:\\\/\\\/mmbobd2.com\\\/\",\"name\":\"MMB OBD2 SOFTWARE\",\"description\":\"\",\"publisher\":{\"@id\":\"https:\\\/\\\/mmbobd2.com\\\/#organization\"},\"alternateName\":\"mmbsoftauto\",\"potentialAction\":[{\"@type\":\"SearchAction\",\"target\":{\"@type\":\"EntryPoint\",\"urlTemplate\":\"https:\\\/\\\/mmbobd2.com\\\/?s={search_term_string}\"},\"query-input\":{\"@type\":\"PropertyValueSpecification\",\"valueRequired\":true,\"valueName\":\"search_term_string\"}}],\"inLanguage\":\"en-GB\"},{\"@type\":\"Organization\",\"@id\":\"https:\\\/\\\/mmbobd2.com\\\/#organization\",\"name\":\"MMB COMPANY\",\"url\":\"https:\\\/\\\/mmbobd2.com\\\/\",\"logo\":{\"@type\":\"ImageObject\",\"inLanguage\":\"en-GB\",\"@id\":\"https:\\\/\\\/mmbobd2.com\\\/#\\\/schema\\\/logo\\\/image\\\/\",\"url\":\"https:\\\/\\\/mmbobd2.com\\\/wp-content\\\/uploads\\\/2023\\\/10\\\/LOGO-ROND-MMB-200.png\",\"contentUrl\":\"https:\\\/\\\/mmbobd2.com\\\/wp-content\\\/uploads\\\/2023\\\/10\\\/LOGO-ROND-MMB-200.png\",\"width\":200,\"height\":200,\"caption\":\"MMB COMPANY\"},\"image\":{\"@id\":\"https:\\\/\\\/mmbobd2.com\\\/#\\\/schema\\\/logo\\\/image\\\/\"},\"sameAs\":[\"https:\\\/\\\/www.facebook.com\\\/profile.php?id=61552159950965\"]}]}<\/script>\n<!-- \/ Yoast SEO plugin. -->","yoast_head_json":{"title":"Subaru Select Monitor 4 26.6 - MMB OBD2 SOFTWARE","description":"Subaru Select Monitor IV 26.6 : Diagnostic professionnel couvre tout les mod\u00e8les de 2004 \u00e0 2023, incluant les fonctionnalit\u00e9s du concessionnaires Subaru.","robots":{"index":"index","follow":"follow","max-snippet":"max-snippet:-1","max-image-preview":"max-image-preview:large","max-video-preview":"max-video-preview:-1"},"canonical":"https:\/\/mmbobd2.com\/en\/product\/subaru-select-monitor-4-26-6-ssm4\/","og_locale":"en_GB","og_type":"article","og_title":"Subaru Select Monitor 4 26.6","og_description":"Subaru Select Monitor IV 26.6 : Diagnostic professionnel couvre tout les mod\u00e8les de 2004 \u00e0 2023, incluant les fonctionnalit\u00e9s du concessionnaires Subaru.","og_url":"https:\/\/mmbobd2.com\/en\/product\/subaru-select-monitor-4-26-6-ssm4\/","og_site_name":"MMB OBD2 SOFTWARE","article_publisher":"https:\/\/www.facebook.com\/profile.php?id=61552159950965","article_modified_time":"2023-11-22T18:57:16+00:00","og_image":[{"width":1000,"height":1000,"url":"https:\/\/mmbobd2.com\/wp-content\/uploads\/2023\/11\/SSM4-jpg.webp","type":"image\/jpeg"}],"twitter_card":"summary_large_image","twitter_misc":{"Estimated reading time":"3 minutes"},"schema":{"@context":"https:\/\/schema.org","@graph":[{"@type":"WebPage","@id":"https:\/\/mmbobd2.com\/product\/subaru-select-monitor-4-26-6-ssm4\/","url":"https:\/\/mmbobd2.com\/product\/subaru-select-monitor-4-26-6-ssm4\/","name":"Subaru Select Monitor 4 26.6 - MMB OBD2 SOFTWARE","isPartOf":{"@id":"https:\/\/mmbobd2.com\/#website"},"primaryImageOfPage":{"@id":"https:\/\/mmbobd2.com\/product\/subaru-select-monitor-4-26-6-ssm4\/#primaryimage"},"image":{"@id":"https:\/\/mmbobd2.com\/product\/subaru-select-monitor-4-26-6-ssm4\/#primaryimage"},"thumbnailUrl":"https:\/\/i0.wp.com\/mmbobd2.com\/wp-content\/uploads\/2023\/11\/SSM4-jpg.webp?fit=1000%2C1000&ssl=1","datePublished":"2023-11-22T18:57:14+00:00","dateModified":"2023-11-22T18:57:16+00:00","description":"Subaru Select Monitor IV 26.6 : Diagnostic professionnel couvre tout les mod\u00e8les de 2004 \u00e0 2023, incluant les fonctionnalit\u00e9s du concessionnaires Subaru.","breadcrumb":{"@id":"https:\/\/mmbobd2.com\/product\/subaru-select-monitor-4-26-6-ssm4\/#breadcrumb"},"inLanguage":"en-GB","potentialAction":[{"@type":"ReadAction","target":["https:\/\/mmbobd2.com\/product\/subaru-select-monitor-4-26-6-ssm4\/"]}]},{"@type":"ImageObject","inLanguage":"en-GB","@id":"https:\/\/mmbobd2.com\/product\/subaru-select-monitor-4-26-6-ssm4\/#primaryimage","url":"https:\/\/i0.wp.com\/mmbobd2.com\/wp-content\/uploads\/2023\/11\/SSM4-jpg.webp?fit=1000%2C1000&ssl=1","contentUrl":"https:\/\/i0.wp.com\/mmbobd2.com\/wp-content\/uploads\/2023\/11\/SSM4-jpg.webp?fit=1000%2C1000&ssl=1","width":1000,"height":1000,"caption":"Subaru Select Monitor 4 26.6"},{"@type":"BreadcrumbList","@id":"https:\/\/mmbobd2.com\/product\/subaru-select-monitor-4-26-6-ssm4\/#breadcrumb","itemListElement":[{"@type":"ListItem","position":1,"name":"Accueil","item":"https:\/\/mmbobd2.com\/"},{"@type":"ListItem","position":2,"name":"Boutique","item":"https:\/\/mmbobd2.com\/logiciels-de-diagnostic-automobiles\/"},{"@type":"ListItem","position":3,"name":"Subaru Select Monitor 4 26.6 ( SSM4 )"}]},{"@type":"WebSite","@id":"https:\/\/mmbobd2.com\/#website","url":"https:\/\/mmbobd2.com\/","name":"MMB OBD2 SOFTWARE","description":"","publisher":{"@id":"https:\/\/mmbobd2.com\/#organization"},"alternateName":"mmbsoftauto","potentialAction":[{"@type":"SearchAction","target":{"@type":"EntryPoint","urlTemplate":"https:\/\/mmbobd2.com\/?s={search_term_string}"},"query-input":{"@type":"PropertyValueSpecification","valueRequired":true,"valueName":"search_term_string"}}],"inLanguage":"en-GB"},{"@type":"Organization","@id":"https:\/\/mmbobd2.com\/#organization","name":"MMB COMPANY","url":"https:\/\/mmbobd2.com\/","logo":{"@type":"ImageObject","inLanguage":"en-GB","@id":"https:\/\/mmbobd2.com\/#\/schema\/logo\/image\/","url":"https:\/\/mmbobd2.com\/wp-content\/uploads\/2023\/10\/LOGO-ROND-MMB-200.png","contentUrl":"https:\/\/mmbobd2.com\/wp-content\/uploads\/2023\/10\/LOGO-ROND-MMB-200.png","width":200,"height":200,"caption":"MMB COMPANY"},"image":{"@id":"https:\/\/mmbobd2.com\/#\/schema\/logo\/image\/"},"sameAs":["https:\/\/www.facebook.com\/profile.php?id=61552159950965"]}]}},"_links":{"self":[{"href":"https:\/\/mmbobd2.com\/en\/wp-json\/wp\/v2\/product\/785","targetHints":{"allow":["GET"]}}],"collection":[{"href":"https:\/\/mmbobd2.com\/en\/wp-json\/wp\/v2\/product"}],"about":[{"href":"https:\/\/mmbobd2.com\/en\/wp-json\/wp\/v2\/types\/product"}],"wp:featuredmedia":[{"embeddable":true,"href":"https:\/\/mmbobd2.com\/en\/wp-json\/wp\/v2\/media\/786"}],"wp:attachment":[{"href":"https:\/\/mmbobd2.com\/en\/wp-json\/wp\/v2\/media?parent=785"}],"wp:term":[{"taxonomy":"product_brand","embeddable":true,"href":"https:\/\/mmbobd2.com\/en\/wp-json\/wp\/v2\/product_brand?post=785"},{"taxonomy":"product_cat","embeddable":true,"href":"https:\/\/mmbobd2.com\/en\/wp-json\/wp\/v2\/product_cat?post=785"},{"taxonomy":"product_tag","embeddable":true,"href":"https:\/\/mmbobd2.com\/en\/wp-json\/wp\/v2\/product_tag?post=785"}],"curies":[{"name":"wp","href":"https:\/\/api.w.org\/{rel}","templated":true}]}}