{"id":789,"date":"2023-11-23T00:15:52","date_gmt":"2023-11-23T00:15:52","guid":{"rendered":"https:\/\/mmbobd2.com\/?post_type=product&#038;p=789"},"modified":"2023-11-27T16:31:44","modified_gmt":"2023-11-27T16:31:44","slug":"hyundai-kia-sm-epc-2020","status":"publish","type":"product","link":"https:\/\/mmbobd2.com\/en\/product\/hyundai-kia-sm-epc-2020\/","title":{"rendered":"Hyundai KIA SM EPC 2020"},"content":{"rendered":"<h2 style=\"text-align: center;\"><strong>Hyundai KIA SM EPC 2020<\/strong><\/h2>\n<p>&nbsp;<\/p>\n<p>SM EPC Hyundai et Kia \u2013 Catalogue de pi\u00e8ces d&rsquo;origine pour Hyundai et Kia (march\u00e9 int\u00e9rieur cor\u00e9en), comprenant des v\u00e9hicules de tourisme, des camions, des bus et des v\u00e9hicules utilitaires.<\/p>\n<p>Le logiciel de catalogue de pi\u00e8ces de rechange Hyundai &amp; Kia SM EPC 2020 est la derni\u00e8re version du catalogue de pi\u00e8ces d&rsquo;origine pour les v\u00e9hicules Hyundai et Kia sur le march\u00e9 int\u00e9rieur cor\u00e9en. Ce logiciel complet comprend une vaste base de donn\u00e9es de pi\u00e8ces et de composants pour une large gamme de v\u00e9hicules de tourisme, de camions, d&rsquo;autobus et utilitaires. Avec son interface conviviale et sa navigation simple, trouver la bonne pi\u00e8ce de rechange pour votre v\u00e9hicule n&rsquo;a jamais \u00e9t\u00e9 aussi simple. Que vous soyez m\u00e9canicien, technicien automobile ou revendeur de pi\u00e8ces d\u00e9tach\u00e9es, le logiciel Hyundai &amp; Kia SM EPC 2020 vous fournit toutes les informations dont vous avez besoin pour assurer le bon fonctionnement de vos v\u00e9hic<a href=\"https:\/\/mmbobd2.com\/en\/\">u<\/a>le<a href=\"https:\/\/www.hyundai.com\/fr\/fr\/hyundai-experience\/la-marque\/notre-histoire.html\">s<\/a>.<\/p>\n<h4><strong>Contient des informations sur les pi\u00e8ces de :<\/strong><\/h4>\n<p>MOTEUR, TRANSMISSION, CH\u00c2SSIS, CARROSSERIE, ACCESSOIRES \u00c9LECTRONIQUES DE GARNITURE, OUTIL OVM, ENSEMBLE MOTEUR. ENSEMBLE MOTEUR COURT, KIT DE JOINTS MOTEUR, BLOC-CYLINDRES, CARTER AVANT, PI\u00c8CE. COUVERCLE DE COURROIE ET \u200b\u200bCARTER D&rsquo;HUILE, MONTAGE DU MOTEUR ET DE LA BO\u00ceTE-PONT. , CULASSE, CULASSE, VILEBREQUIN ET PISTON. ARBRE \u00c0 CAMES ET SOUPAPE, POMPE DE LIQUIDE DE REFROIDISSEMENT.SYST\u00c8ME DE REFROIDISSEMENT DU MOTEUR, TUYAU ET TUYAU DE LIQUIDE DE REFROIDISSEMENT, REFROIDISSEMENT D&rsquo;HUILE, FILTRE \u00c0 AIR, TURBOCOMPRESSEUR ET COLLECTEUR INTERM\u00c9DIAIRE, COLLECTEUR D&rsquo;ADMISSION. COLLECTEUR D&rsquo;\u00c9CHAPPEMENT, TUYAU D&rsquo;\u00c9CHAPPEMENT, COMMANDE \u00c9LECTRONIQUE. SOUS COUVERCLE, SYST\u00c8ME DE CARBURANT. VAPORISATEUR ET M\u00c9LANGEUR, POMPE D&rsquo;INJECTION DE CARBURANT, POMPE \u00c0 VIDE, BOMBE GPL. CORPS DE PAPILLON ET INJECTEUR, P\u00c9DALE D&rsquo;ACC\u00c9L\u00c9RATEUR, P\u00c9DALE DE FREIN ET D&rsquo;EMBRAYAGE, BATTERIE ET \u200b\u200bC\u00c2BLE. BOUGIE D&rsquo;ALLUMAGE ET C\u00c2BLE, D\u00c9MARREUR, ALTERNATEUR Et plus<\/p>\n<div class=\"flex justify-between\">\n<div class=\"text-gray-400 flex self-end lg:self-center justify-center mt-2 gap-3 md:gap-4 lg:gap-1 lg:absolute lg:top-0 lg:translate-x-full lg:right-0 lg:mt-0 lg:pl-2 visible\"><\/div>\n<\/div>\n<h4><strong>caract\u00e9ristiques:<\/strong><\/h4>\n<p>\u2013 D\u00e9codage et filtrage VIN<br \/>\n\u2013 Informations sur les pi\u00e8ces sp\u00e9cifiques au v\u00e9hicule<br \/>\n\u2013 Recherches de num\u00e9ros de pi\u00e8ces et de noms<br \/>\n\u2013 Impression de textes et d&rsquo;illustrations de haute qualit\u00e9<br \/>\n\u2013 Fonctions de zoom<br \/>\n\u2013 Ann\u00e9e, mod\u00e8les et index de groupe.<\/p>\n<p><strong>\u2022 OS. :<\/strong> Windows 7, Windows 8, Windows 8.1, Windows 10<br \/>\n<strong>\u2022 CPU :<\/strong> Intel\/AMD 2 GHz ou sup\u00e9rieur<br \/>\n<strong>\u2022 RAM :<\/strong> 4 Go<br \/>\n<strong>\u2022 Disque dur :<\/strong> 10 Go d&rsquo;espace disponible<br \/>\n<strong>\u2022 Daemon tools lite free ou power iso<\/strong><\/p>\n<p>N&rsquo;inclut pas le mat\u00e9riel ni le c\u00e2ble. <span class=\"\">T\u00e9l\u00e9chargez simplement le logiciel<\/span><\/p>","protected":false},"excerpt":{"rendered":"<p><em>Catalogue de pi\u00e8ces d&rsquo;origine Hyundai &amp; Kia SM EPC 2020 pour v\u00e9hicules cor\u00e9ens\u00a0: trouvez facilement les pi\u00e8ces n\u00e9cessaires avec cette derni\u00e8re version.<\/em><\/p>","protected":false},"featured_media":790,"template":"","meta":[],"product_brand":[],"product_cat":[18],"product_tag":[],"class_list":{"0":"post-789","1":"product","2":"type-product","3":"status-publish","4":"has-post-thumbnail","6":"product_cat-epc-et-manuels-de-reparation-auto","8":"first","9":"instock","10":"downloadable","11":"virtual","12":"purchasable","13":"product-type-simple"},"yoast_head":"<!-- This site is optimized with the Yoast SEO plugin v27.4 - https:\/\/yoast.com\/product\/yoast-seo-wordpress\/ -->\n<title>Hyundai KIA SM EPC 2020 - MMB OBD2 SOFTWARE<\/title>\n<meta name=\"description\" content=\"Catalogue de pi\u00e8ces d&#039;origine Hyundai &amp; Kia SM EPC 2020 pour v\u00e9hicules cor\u00e9ens : trouvez facilement les pi\u00e8ces n\u00e9cessaires avec cette derni\u00e8re version.\" \/>\n<meta name=\"robots\" content=\"index, follow, max-snippet:-1, max-image-preview:large, max-video-preview:-1\" \/>\n<link rel=\"canonical\" href=\"https:\/\/mmbobd2.com\/en\/product\/hyundai-kia-sm-epc-2020\/\" \/>\n<meta property=\"og:locale\" content=\"en_GB\" \/>\n<meta property=\"og:type\" content=\"article\" \/>\n<meta property=\"og:title\" content=\"Hyundai KIA SM EPC 2020\" \/>\n<meta property=\"og:description\" content=\"Catalogue de pi\u00e8ces d&#039;origine Hyundai &amp; Kia SM EPC 2020 pour v\u00e9hicules cor\u00e9ens : trouvez facilement les pi\u00e8ces n\u00e9cessaires avec cette derni\u00e8re version.\" \/>\n<meta property=\"og:url\" content=\"https:\/\/mmbobd2.com\/en\/product\/hyundai-kia-sm-epc-2020\/\" \/>\n<meta property=\"og:site_name\" content=\"MMB OBD2 SOFTWARE\" \/>\n<meta property=\"article:publisher\" content=\"https:\/\/www.facebook.com\/profile.php?id=61552159950965\" \/>\n<meta property=\"article:modified_time\" content=\"2023-11-27T16:31:44+00:00\" \/>\n<meta property=\"og:image\" content=\"https:\/\/mmbobd2.com\/wp-content\/uploads\/2023\/11\/kiahyundaiepc-jpg.webp\" \/>\n\t<meta property=\"og:image:width\" content=\"1000\" \/>\n\t<meta property=\"og:image:height\" content=\"1000\" \/>\n\t<meta property=\"og:image:type\" content=\"image\/jpeg\" \/>\n<meta name=\"twitter:card\" content=\"summary_large_image\" \/>\n<meta name=\"twitter:label1\" content=\"Estimated reading time\" \/>\n\t<meta name=\"twitter:data1\" content=\"2 minutes\" \/>\n<script type=\"application\/ld+json\" class=\"yoast-schema-graph\">{\"@context\":\"https:\\\/\\\/schema.org\",\"@graph\":[{\"@type\":\"WebPage\",\"@id\":\"https:\\\/\\\/mmbobd2.com\\\/product\\\/hyundai-kia-sm-epc-2020\\\/\",\"url\":\"https:\\\/\\\/mmbobd2.com\\\/product\\\/hyundai-kia-sm-epc-2020\\\/\",\"name\":\"Hyundai KIA SM EPC 2020 - MMB OBD2 SOFTWARE\",\"isPartOf\":{\"@id\":\"https:\\\/\\\/mmbobd2.com\\\/#website\"},\"primaryImageOfPage\":{\"@id\":\"https:\\\/\\\/mmbobd2.com\\\/product\\\/hyundai-kia-sm-epc-2020\\\/#primaryimage\"},\"image\":{\"@id\":\"https:\\\/\\\/mmbobd2.com\\\/product\\\/hyundai-kia-sm-epc-2020\\\/#primaryimage\"},\"thumbnailUrl\":\"https:\\\/\\\/i0.wp.com\\\/mmbobd2.com\\\/wp-content\\\/uploads\\\/2023\\\/11\\\/kiahyundaiepc-jpg.webp?fit=1000%2C1000&ssl=1\",\"datePublished\":\"2023-11-23T00:15:52+00:00\",\"dateModified\":\"2023-11-27T16:31:44+00:00\",\"description\":\"Catalogue de pi\u00e8ces d'origine Hyundai & Kia SM EPC 2020 pour v\u00e9hicules cor\u00e9ens : trouvez facilement les pi\u00e8ces n\u00e9cessaires avec cette derni\u00e8re version.\",\"breadcrumb\":{\"@id\":\"https:\\\/\\\/mmbobd2.com\\\/product\\\/hyundai-kia-sm-epc-2020\\\/#breadcrumb\"},\"inLanguage\":\"en-GB\",\"potentialAction\":[{\"@type\":\"ReadAction\",\"target\":[\"https:\\\/\\\/mmbobd2.com\\\/product\\\/hyundai-kia-sm-epc-2020\\\/\"]}]},{\"@type\":\"ImageObject\",\"inLanguage\":\"en-GB\",\"@id\":\"https:\\\/\\\/mmbobd2.com\\\/product\\\/hyundai-kia-sm-epc-2020\\\/#primaryimage\",\"url\":\"https:\\\/\\\/i0.wp.com\\\/mmbobd2.com\\\/wp-content\\\/uploads\\\/2023\\\/11\\\/kiahyundaiepc-jpg.webp?fit=1000%2C1000&ssl=1\",\"contentUrl\":\"https:\\\/\\\/i0.wp.com\\\/mmbobd2.com\\\/wp-content\\\/uploads\\\/2023\\\/11\\\/kiahyundaiepc-jpg.webp?fit=1000%2C1000&ssl=1\",\"width\":1000,\"height\":1000,\"caption\":\"Hyundai KIA SM EPC 2020\"},{\"@type\":\"BreadcrumbList\",\"@id\":\"https:\\\/\\\/mmbobd2.com\\\/product\\\/hyundai-kia-sm-epc-2020\\\/#breadcrumb\",\"itemListElement\":[{\"@type\":\"ListItem\",\"position\":1,\"name\":\"Accueil\",\"item\":\"https:\\\/\\\/mmbobd2.com\\\/\"},{\"@type\":\"ListItem\",\"position\":2,\"name\":\"Boutique\",\"item\":\"https:\\\/\\\/mmbobd2.com\\\/logiciels-de-diagnostic-automobiles\\\/\"},{\"@type\":\"ListItem\",\"position\":3,\"name\":\"Hyundai KIA SM EPC 2020\"}]},{\"@type\":\"WebSite\",\"@id\":\"https:\\\/\\\/mmbobd2.com\\\/#website\",\"url\":\"https:\\\/\\\/mmbobd2.com\\\/\",\"name\":\"MMB OBD2 SOFTWARE\",\"description\":\"\",\"publisher\":{\"@id\":\"https:\\\/\\\/mmbobd2.com\\\/#organization\"},\"alternateName\":\"mmbsoftauto\",\"potentialAction\":[{\"@type\":\"SearchAction\",\"target\":{\"@type\":\"EntryPoint\",\"urlTemplate\":\"https:\\\/\\\/mmbobd2.com\\\/?s={search_term_string}\"},\"query-input\":{\"@type\":\"PropertyValueSpecification\",\"valueRequired\":true,\"valueName\":\"search_term_string\"}}],\"inLanguage\":\"en-GB\"},{\"@type\":\"Organization\",\"@id\":\"https:\\\/\\\/mmbobd2.com\\\/#organization\",\"name\":\"MMB COMPANY\",\"url\":\"https:\\\/\\\/mmbobd2.com\\\/\",\"logo\":{\"@type\":\"ImageObject\",\"inLanguage\":\"en-GB\",\"@id\":\"https:\\\/\\\/mmbobd2.com\\\/#\\\/schema\\\/logo\\\/image\\\/\",\"url\":\"https:\\\/\\\/mmbobd2.com\\\/wp-content\\\/uploads\\\/2023\\\/10\\\/LOGO-ROND-MMB-200.png\",\"contentUrl\":\"https:\\\/\\\/mmbobd2.com\\\/wp-content\\\/uploads\\\/2023\\\/10\\\/LOGO-ROND-MMB-200.png\",\"width\":200,\"height\":200,\"caption\":\"MMB COMPANY\"},\"image\":{\"@id\":\"https:\\\/\\\/mmbobd2.com\\\/#\\\/schema\\\/logo\\\/image\\\/\"},\"sameAs\":[\"https:\\\/\\\/www.facebook.com\\\/profile.php?id=61552159950965\"]}]}<\/script>\n<!-- \/ Yoast SEO plugin. -->","yoast_head_json":{"title":"Hyundai KIA SM EPC 2020 - MMB OBD2 SOFTWARE","description":"Catalogue de pi\u00e8ces d'origine Hyundai & Kia SM EPC 2020 pour v\u00e9hicules cor\u00e9ens : trouvez facilement les pi\u00e8ces n\u00e9cessaires avec cette derni\u00e8re version.","robots":{"index":"index","follow":"follow","max-snippet":"max-snippet:-1","max-image-preview":"max-image-preview:large","max-video-preview":"max-video-preview:-1"},"canonical":"https:\/\/mmbobd2.com\/en\/product\/hyundai-kia-sm-epc-2020\/","og_locale":"en_GB","og_type":"article","og_title":"Hyundai KIA SM EPC 2020","og_description":"Catalogue de pi\u00e8ces d'origine Hyundai & Kia SM EPC 2020 pour v\u00e9hicules cor\u00e9ens : trouvez facilement les pi\u00e8ces n\u00e9cessaires avec cette derni\u00e8re version.","og_url":"https:\/\/mmbobd2.com\/en\/product\/hyundai-kia-sm-epc-2020\/","og_site_name":"MMB OBD2 SOFTWARE","article_publisher":"https:\/\/www.facebook.com\/profile.php?id=61552159950965","article_modified_time":"2023-11-27T16:31:44+00:00","og_image":[{"width":1000,"height":1000,"url":"https:\/\/mmbobd2.com\/wp-content\/uploads\/2023\/11\/kiahyundaiepc-jpg.webp","type":"image\/jpeg"}],"twitter_card":"summary_large_image","twitter_misc":{"Estimated reading time":"2 minutes"},"schema":{"@context":"https:\/\/schema.org","@graph":[{"@type":"WebPage","@id":"https:\/\/mmbobd2.com\/product\/hyundai-kia-sm-epc-2020\/","url":"https:\/\/mmbobd2.com\/product\/hyundai-kia-sm-epc-2020\/","name":"Hyundai KIA SM EPC 2020 - MMB OBD2 SOFTWARE","isPartOf":{"@id":"https:\/\/mmbobd2.com\/#website"},"primaryImageOfPage":{"@id":"https:\/\/mmbobd2.com\/product\/hyundai-kia-sm-epc-2020\/#primaryimage"},"image":{"@id":"https:\/\/mmbobd2.com\/product\/hyundai-kia-sm-epc-2020\/#primaryimage"},"thumbnailUrl":"https:\/\/i0.wp.com\/mmbobd2.com\/wp-content\/uploads\/2023\/11\/kiahyundaiepc-jpg.webp?fit=1000%2C1000&ssl=1","datePublished":"2023-11-23T00:15:52+00:00","dateModified":"2023-11-27T16:31:44+00:00","description":"Catalogue de pi\u00e8ces d'origine Hyundai & Kia SM EPC 2020 pour v\u00e9hicules cor\u00e9ens : trouvez facilement les pi\u00e8ces n\u00e9cessaires avec cette derni\u00e8re version.","breadcrumb":{"@id":"https:\/\/mmbobd2.com\/product\/hyundai-kia-sm-epc-2020\/#breadcrumb"},"inLanguage":"en-GB","potentialAction":[{"@type":"ReadAction","target":["https:\/\/mmbobd2.com\/product\/hyundai-kia-sm-epc-2020\/"]}]},{"@type":"ImageObject","inLanguage":"en-GB","@id":"https:\/\/mmbobd2.com\/product\/hyundai-kia-sm-epc-2020\/#primaryimage","url":"https:\/\/i0.wp.com\/mmbobd2.com\/wp-content\/uploads\/2023\/11\/kiahyundaiepc-jpg.webp?fit=1000%2C1000&ssl=1","contentUrl":"https:\/\/i0.wp.com\/mmbobd2.com\/wp-content\/uploads\/2023\/11\/kiahyundaiepc-jpg.webp?fit=1000%2C1000&ssl=1","width":1000,"height":1000,"caption":"Hyundai KIA SM EPC 2020"},{"@type":"BreadcrumbList","@id":"https:\/\/mmbobd2.com\/product\/hyundai-kia-sm-epc-2020\/#breadcrumb","itemListElement":[{"@type":"ListItem","position":1,"name":"Accueil","item":"https:\/\/mmbobd2.com\/"},{"@type":"ListItem","position":2,"name":"Boutique","item":"https:\/\/mmbobd2.com\/logiciels-de-diagnostic-automobiles\/"},{"@type":"ListItem","position":3,"name":"Hyundai KIA SM EPC 2020"}]},{"@type":"WebSite","@id":"https:\/\/mmbobd2.com\/#website","url":"https:\/\/mmbobd2.com\/","name":"MMB OBD2 SOFTWARE","description":"","publisher":{"@id":"https:\/\/mmbobd2.com\/#organization"},"alternateName":"mmbsoftauto","potentialAction":[{"@type":"SearchAction","target":{"@type":"EntryPoint","urlTemplate":"https:\/\/mmbobd2.com\/?s={search_term_string}"},"query-input":{"@type":"PropertyValueSpecification","valueRequired":true,"valueName":"search_term_string"}}],"inLanguage":"en-GB"},{"@type":"Organization","@id":"https:\/\/mmbobd2.com\/#organization","name":"MMB COMPANY","url":"https:\/\/mmbobd2.com\/","logo":{"@type":"ImageObject","inLanguage":"en-GB","@id":"https:\/\/mmbobd2.com\/#\/schema\/logo\/image\/","url":"https:\/\/mmbobd2.com\/wp-content\/uploads\/2023\/10\/LOGO-ROND-MMB-200.png","contentUrl":"https:\/\/mmbobd2.com\/wp-content\/uploads\/2023\/10\/LOGO-ROND-MMB-200.png","width":200,"height":200,"caption":"MMB COMPANY"},"image":{"@id":"https:\/\/mmbobd2.com\/#\/schema\/logo\/image\/"},"sameAs":["https:\/\/www.facebook.com\/profile.php?id=61552159950965"]}]}},"_links":{"self":[{"href":"https:\/\/mmbobd2.com\/en\/wp-json\/wp\/v2\/product\/789","targetHints":{"allow":["GET"]}}],"collection":[{"href":"https:\/\/mmbobd2.com\/en\/wp-json\/wp\/v2\/product"}],"about":[{"href":"https:\/\/mmbobd2.com\/en\/wp-json\/wp\/v2\/types\/product"}],"wp:featuredmedia":[{"embeddable":true,"href":"https:\/\/mmbobd2.com\/en\/wp-json\/wp\/v2\/media\/790"}],"wp:attachment":[{"href":"https:\/\/mmbobd2.com\/en\/wp-json\/wp\/v2\/media?parent=789"}],"wp:term":[{"taxonomy":"product_brand","embeddable":true,"href":"https:\/\/mmbobd2.com\/en\/wp-json\/wp\/v2\/product_brand?post=789"},{"taxonomy":"product_cat","embeddable":true,"href":"https:\/\/mmbobd2.com\/en\/wp-json\/wp\/v2\/product_cat?post=789"},{"taxonomy":"product_tag","embeddable":true,"href":"https:\/\/mmbobd2.com\/en\/wp-json\/wp\/v2\/product_tag?post=789"}],"curies":[{"name":"wp","href":"https:\/\/api.w.org\/{rel}","templated":true}]}}