{"id":791,"date":"2023-11-23T00:37:03","date_gmt":"2023-11-23T00:37:03","guid":{"rendered":"https:\/\/mmbobd2.com\/?post_type=product&#038;p=791"},"modified":"2023-11-23T00:37:04","modified_gmt":"2023-11-23T00:37:04","slug":"suzuki-sdt-ii-v2-28-01-30","status":"publish","type":"product","link":"https:\/\/mmbobd2.com\/en\/product\/suzuki-sdt-ii-v2-28-01-30\/","title":{"rendered":"Suzuki SDT-II v2.28.01.30"},"content":{"rendered":"<h2 style=\"text-align: center;\"><strong>Suzuki SDT-II v2.28.01.30<\/strong><\/h2>\n<p>&nbsp;<\/p>\n<h4><strong>Caract\u00e9ristiques.<\/strong><\/h4>\n<p><span>Le Suzuki SDT-II v2.28.01.30 peut diagnostiquer le v\u00e9hicule plus rapidement que les outils pr\u00e9c\u00e9dents, vous donnant plus de temps pour r\u00e9parer le v\u00e9hicule.<\/span><\/p>\n<p><span>Poss\u00e8de des fonctionnalit\u00e9s de diagnostic similaires \u00e0 celles du SD<a href=\"https:\/\/mmbobd2.com\/en\/\">T<\/a> d&rsquo;origin<a href=\"https:\/\/www.suzuki.fr\/\">e<\/a>, ainsi que de nouvelles fonctionnalit\u00e9s telles que la recherche du VIN, <\/span><br \/>\n<span>l&rsquo;\u00e9tat du v\u00e9hicule et la v\u00e9rification du bus de communication.<\/span><\/p>\n<p><span>Le logiciel n\u00e9cessite un PC ou un ordinateur portable avec Windows 7<\/span><\/p>\n<p><span>Moteur<\/span><\/p>\n<p><span>MTC<\/span><\/p>\n<p><span>CVT<\/span><\/p>\n<p><span>ABS\/ESP<\/span><\/p>\n<p><span>4X4<\/span><\/p>\n<p><span>AIRBAG<\/span><\/p>\n<p><span>BCM<\/span><\/p>\n<p><span>TPMS<br \/>\n<\/span><\/p>\n<p><span>CVC<\/span><\/p>\n<h4><strong>Fonction\u00a0 :<\/strong><\/h4>\n<p><span>Reconnaissance automatique du v\u00e9hicule <\/span><br \/>\n<span>Lecture et effacement des codes de diagnostic (DTC) <\/span><br \/>\n<span>Flux de donn\u00e9es en direct avec fonctions d&rsquo;enregistrement et de lecture pour les calculateurs principaux <\/span><br \/>\n<span>Recherche de pannes guid\u00e9e <\/span><br \/>\n<span>Nouveau logiciel Re-flash pour les calculateurs existants <\/span><br \/>\n<span>Programmation et installation de nouveaux calculateurs (PCM, ABS, groupe d&rsquo;instruments, air Sac, pompes \u00e0 carburant, etc.) <\/span><br \/>\n<span>Programmer de nouvelles cl\u00e9s Ensemble <\/span><br \/>\n<span>de codage d&rsquo;injecteur <\/span><br \/>\n<span>r\u00e9gler ou supprimer les r\u00e9gulateurs de vitesse <\/span><br \/>\n<span>R\u00e9g\u00e9n\u00e9ration DPF Purge des freins L&rsquo;angle de <\/span><br \/>\n<span>braquage r\u00e9initialise toutes les autres fonctions du concessionnaire<\/span><\/p>","protected":false},"excerpt":{"rendered":"<p><em>SDTII, outil de diagnostic avanc\u00e9 pour v\u00e9hicules, offre une reconnaissance automatique, lecture\/effacement des codes, programmation de nouveaux calculateurs et plus encore.<\/em><\/p>","protected":false},"featured_media":792,"template":"","meta":[],"product_brand":[],"product_cat":[16],"product_tag":[],"class_list":{"0":"post-791","1":"product","2":"type-product","3":"status-publish","4":"has-post-thumbnail","6":"product_cat-diagnostic-automobiles","8":"first","9":"instock","10":"downloadable","11":"virtual","12":"purchasable","13":"product-type-simple"},"yoast_head":"<!-- This site is optimized with the Yoast SEO plugin v27.4 - https:\/\/yoast.com\/product\/yoast-seo-wordpress\/ -->\n<title>Suzuki SDT-II v2.28.01.30 - MMB OBD2 SOFTWARE<\/title>\n<meta name=\"description\" content=\"Suzuki SDT-II v2.28.01.30 , outil de diagnostic avanc\u00e9 , offre une reconnaissance automatique, lecture\/effacement des codes, programmation et plus encore.\" \/>\n<meta name=\"robots\" content=\"index, follow, max-snippet:-1, max-image-preview:large, max-video-preview:-1\" \/>\n<link rel=\"canonical\" href=\"https:\/\/mmbobd2.com\/en\/product\/suzuki-sdt-ii-v2-28-01-30\/\" \/>\n<meta property=\"og:locale\" content=\"en_GB\" \/>\n<meta property=\"og:type\" content=\"article\" \/>\n<meta property=\"og:title\" content=\"Suzuki SDT-II v2.28.01.30\" \/>\n<meta property=\"og:description\" content=\"SDTII, outil de diagnostic avanc\u00e9 pour v\u00e9hicules, offre une reconnaissance automatique, lecture\/effacement des codes, programmation de nouveaux calculateurs et plus encore.\" \/>\n<meta property=\"og:url\" content=\"https:\/\/mmbobd2.com\/en\/product\/suzuki-sdt-ii-v2-28-01-30\/\" \/>\n<meta property=\"og:site_name\" content=\"MMB OBD2 SOFTWARE\" \/>\n<meta property=\"article:publisher\" content=\"https:\/\/www.facebook.com\/profile.php?id=61552159950965\" \/>\n<meta property=\"article:modified_time\" content=\"2023-11-23T00:37:04+00:00\" \/>\n<meta property=\"og:image\" content=\"https:\/\/mmbobd2.com\/wp-content\/uploads\/2023\/11\/SUZUKISDT-jpg.webp\" \/>\n\t<meta property=\"og:image:width\" content=\"1000\" \/>\n\t<meta property=\"og:image:height\" content=\"1000\" \/>\n\t<meta property=\"og:image:type\" content=\"image\/jpeg\" \/>\n<meta name=\"twitter:card\" content=\"summary_large_image\" \/>\n<meta name=\"twitter:label1\" content=\"Estimated reading time\" \/>\n\t<meta name=\"twitter:data1\" content=\"1 minute\" \/>\n<script type=\"application\/ld+json\" class=\"yoast-schema-graph\">{\"@context\":\"https:\\\/\\\/schema.org\",\"@graph\":[{\"@type\":\"WebPage\",\"@id\":\"https:\\\/\\\/mmbobd2.com\\\/product\\\/suzuki-sdt-ii-v2-28-01-30\\\/\",\"url\":\"https:\\\/\\\/mmbobd2.com\\\/product\\\/suzuki-sdt-ii-v2-28-01-30\\\/\",\"name\":\"Suzuki SDT-II v2.28.01.30 - MMB OBD2 SOFTWARE\",\"isPartOf\":{\"@id\":\"https:\\\/\\\/mmbobd2.com\\\/#website\"},\"primaryImageOfPage\":{\"@id\":\"https:\\\/\\\/mmbobd2.com\\\/product\\\/suzuki-sdt-ii-v2-28-01-30\\\/#primaryimage\"},\"image\":{\"@id\":\"https:\\\/\\\/mmbobd2.com\\\/product\\\/suzuki-sdt-ii-v2-28-01-30\\\/#primaryimage\"},\"thumbnailUrl\":\"https:\\\/\\\/i0.wp.com\\\/mmbobd2.com\\\/wp-content\\\/uploads\\\/2023\\\/11\\\/SUZUKISDT-jpg.webp?fit=1000%2C1000&ssl=1\",\"datePublished\":\"2023-11-23T00:37:03+00:00\",\"dateModified\":\"2023-11-23T00:37:04+00:00\",\"description\":\"Suzuki SDT-II v2.28.01.30 , outil de diagnostic avanc\u00e9 , offre une reconnaissance automatique, lecture\\\/effacement des codes, programmation et plus encore.\",\"breadcrumb\":{\"@id\":\"https:\\\/\\\/mmbobd2.com\\\/product\\\/suzuki-sdt-ii-v2-28-01-30\\\/#breadcrumb\"},\"inLanguage\":\"en-GB\",\"potentialAction\":[{\"@type\":\"ReadAction\",\"target\":[\"https:\\\/\\\/mmbobd2.com\\\/product\\\/suzuki-sdt-ii-v2-28-01-30\\\/\"]}]},{\"@type\":\"ImageObject\",\"inLanguage\":\"en-GB\",\"@id\":\"https:\\\/\\\/mmbobd2.com\\\/product\\\/suzuki-sdt-ii-v2-28-01-30\\\/#primaryimage\",\"url\":\"https:\\\/\\\/i0.wp.com\\\/mmbobd2.com\\\/wp-content\\\/uploads\\\/2023\\\/11\\\/SUZUKISDT-jpg.webp?fit=1000%2C1000&ssl=1\",\"contentUrl\":\"https:\\\/\\\/i0.wp.com\\\/mmbobd2.com\\\/wp-content\\\/uploads\\\/2023\\\/11\\\/SUZUKISDT-jpg.webp?fit=1000%2C1000&ssl=1\",\"width\":1000,\"height\":1000,\"caption\":\"Suzuki SDT-II v2.28.01.30\"},{\"@type\":\"BreadcrumbList\",\"@id\":\"https:\\\/\\\/mmbobd2.com\\\/product\\\/suzuki-sdt-ii-v2-28-01-30\\\/#breadcrumb\",\"itemListElement\":[{\"@type\":\"ListItem\",\"position\":1,\"name\":\"Accueil\",\"item\":\"https:\\\/\\\/mmbobd2.com\\\/\"},{\"@type\":\"ListItem\",\"position\":2,\"name\":\"Boutique\",\"item\":\"https:\\\/\\\/mmbobd2.com\\\/logiciels-de-diagnostic-automobiles\\\/\"},{\"@type\":\"ListItem\",\"position\":3,\"name\":\"Suzuki SDT-II v2.28.01.30\"}]},{\"@type\":\"WebSite\",\"@id\":\"https:\\\/\\\/mmbobd2.com\\\/#website\",\"url\":\"https:\\\/\\\/mmbobd2.com\\\/\",\"name\":\"MMB OBD2 SOFTWARE\",\"description\":\"\",\"publisher\":{\"@id\":\"https:\\\/\\\/mmbobd2.com\\\/#organization\"},\"alternateName\":\"mmbsoftauto\",\"potentialAction\":[{\"@type\":\"SearchAction\",\"target\":{\"@type\":\"EntryPoint\",\"urlTemplate\":\"https:\\\/\\\/mmbobd2.com\\\/?s={search_term_string}\"},\"query-input\":{\"@type\":\"PropertyValueSpecification\",\"valueRequired\":true,\"valueName\":\"search_term_string\"}}],\"inLanguage\":\"en-GB\"},{\"@type\":\"Organization\",\"@id\":\"https:\\\/\\\/mmbobd2.com\\\/#organization\",\"name\":\"MMB COMPANY\",\"url\":\"https:\\\/\\\/mmbobd2.com\\\/\",\"logo\":{\"@type\":\"ImageObject\",\"inLanguage\":\"en-GB\",\"@id\":\"https:\\\/\\\/mmbobd2.com\\\/#\\\/schema\\\/logo\\\/image\\\/\",\"url\":\"https:\\\/\\\/mmbobd2.com\\\/wp-content\\\/uploads\\\/2023\\\/10\\\/LOGO-ROND-MMB-200.png\",\"contentUrl\":\"https:\\\/\\\/mmbobd2.com\\\/wp-content\\\/uploads\\\/2023\\\/10\\\/LOGO-ROND-MMB-200.png\",\"width\":200,\"height\":200,\"caption\":\"MMB COMPANY\"},\"image\":{\"@id\":\"https:\\\/\\\/mmbobd2.com\\\/#\\\/schema\\\/logo\\\/image\\\/\"},\"sameAs\":[\"https:\\\/\\\/www.facebook.com\\\/profile.php?id=61552159950965\"]}]}<\/script>\n<!-- \/ Yoast SEO plugin. -->","yoast_head_json":{"title":"Suzuki SDT-II v2.28.01.30 - MMB OBD2 SOFTWARE","description":"Suzuki SDT-II v2.28.01.30 , outil de diagnostic avanc\u00e9 , offre une reconnaissance automatique, lecture\/effacement des codes, programmation et plus encore.","robots":{"index":"index","follow":"follow","max-snippet":"max-snippet:-1","max-image-preview":"max-image-preview:large","max-video-preview":"max-video-preview:-1"},"canonical":"https:\/\/mmbobd2.com\/en\/product\/suzuki-sdt-ii-v2-28-01-30\/","og_locale":"en_GB","og_type":"article","og_title":"Suzuki SDT-II v2.28.01.30","og_description":"SDTII, outil de diagnostic avanc\u00e9 pour v\u00e9hicules, offre une reconnaissance automatique, lecture\/effacement des codes, programmation de nouveaux calculateurs et plus encore.","og_url":"https:\/\/mmbobd2.com\/en\/product\/suzuki-sdt-ii-v2-28-01-30\/","og_site_name":"MMB OBD2 SOFTWARE","article_publisher":"https:\/\/www.facebook.com\/profile.php?id=61552159950965","article_modified_time":"2023-11-23T00:37:04+00:00","og_image":[{"width":1000,"height":1000,"url":"https:\/\/mmbobd2.com\/wp-content\/uploads\/2023\/11\/SUZUKISDT-jpg.webp","type":"image\/jpeg"}],"twitter_card":"summary_large_image","twitter_misc":{"Estimated reading time":"1 minute"},"schema":{"@context":"https:\/\/schema.org","@graph":[{"@type":"WebPage","@id":"https:\/\/mmbobd2.com\/product\/suzuki-sdt-ii-v2-28-01-30\/","url":"https:\/\/mmbobd2.com\/product\/suzuki-sdt-ii-v2-28-01-30\/","name":"Suzuki SDT-II v2.28.01.30 - MMB OBD2 SOFTWARE","isPartOf":{"@id":"https:\/\/mmbobd2.com\/#website"},"primaryImageOfPage":{"@id":"https:\/\/mmbobd2.com\/product\/suzuki-sdt-ii-v2-28-01-30\/#primaryimage"},"image":{"@id":"https:\/\/mmbobd2.com\/product\/suzuki-sdt-ii-v2-28-01-30\/#primaryimage"},"thumbnailUrl":"https:\/\/i0.wp.com\/mmbobd2.com\/wp-content\/uploads\/2023\/11\/SUZUKISDT-jpg.webp?fit=1000%2C1000&ssl=1","datePublished":"2023-11-23T00:37:03+00:00","dateModified":"2023-11-23T00:37:04+00:00","description":"Suzuki SDT-II v2.28.01.30 , outil de diagnostic avanc\u00e9 , offre une reconnaissance automatique, lecture\/effacement des codes, programmation et plus encore.","breadcrumb":{"@id":"https:\/\/mmbobd2.com\/product\/suzuki-sdt-ii-v2-28-01-30\/#breadcrumb"},"inLanguage":"en-GB","potentialAction":[{"@type":"ReadAction","target":["https:\/\/mmbobd2.com\/product\/suzuki-sdt-ii-v2-28-01-30\/"]}]},{"@type":"ImageObject","inLanguage":"en-GB","@id":"https:\/\/mmbobd2.com\/product\/suzuki-sdt-ii-v2-28-01-30\/#primaryimage","url":"https:\/\/i0.wp.com\/mmbobd2.com\/wp-content\/uploads\/2023\/11\/SUZUKISDT-jpg.webp?fit=1000%2C1000&ssl=1","contentUrl":"https:\/\/i0.wp.com\/mmbobd2.com\/wp-content\/uploads\/2023\/11\/SUZUKISDT-jpg.webp?fit=1000%2C1000&ssl=1","width":1000,"height":1000,"caption":"Suzuki SDT-II v2.28.01.30"},{"@type":"BreadcrumbList","@id":"https:\/\/mmbobd2.com\/product\/suzuki-sdt-ii-v2-28-01-30\/#breadcrumb","itemListElement":[{"@type":"ListItem","position":1,"name":"Accueil","item":"https:\/\/mmbobd2.com\/"},{"@type":"ListItem","position":2,"name":"Boutique","item":"https:\/\/mmbobd2.com\/logiciels-de-diagnostic-automobiles\/"},{"@type":"ListItem","position":3,"name":"Suzuki SDT-II v2.28.01.30"}]},{"@type":"WebSite","@id":"https:\/\/mmbobd2.com\/#website","url":"https:\/\/mmbobd2.com\/","name":"MMB OBD2 SOFTWARE","description":"","publisher":{"@id":"https:\/\/mmbobd2.com\/#organization"},"alternateName":"mmbsoftauto","potentialAction":[{"@type":"SearchAction","target":{"@type":"EntryPoint","urlTemplate":"https:\/\/mmbobd2.com\/?s={search_term_string}"},"query-input":{"@type":"PropertyValueSpecification","valueRequired":true,"valueName":"search_term_string"}}],"inLanguage":"en-GB"},{"@type":"Organization","@id":"https:\/\/mmbobd2.com\/#organization","name":"MMB COMPANY","url":"https:\/\/mmbobd2.com\/","logo":{"@type":"ImageObject","inLanguage":"en-GB","@id":"https:\/\/mmbobd2.com\/#\/schema\/logo\/image\/","url":"https:\/\/mmbobd2.com\/wp-content\/uploads\/2023\/10\/LOGO-ROND-MMB-200.png","contentUrl":"https:\/\/mmbobd2.com\/wp-content\/uploads\/2023\/10\/LOGO-ROND-MMB-200.png","width":200,"height":200,"caption":"MMB COMPANY"},"image":{"@id":"https:\/\/mmbobd2.com\/#\/schema\/logo\/image\/"},"sameAs":["https:\/\/www.facebook.com\/profile.php?id=61552159950965"]}]}},"_links":{"self":[{"href":"https:\/\/mmbobd2.com\/en\/wp-json\/wp\/v2\/product\/791","targetHints":{"allow":["GET"]}}],"collection":[{"href":"https:\/\/mmbobd2.com\/en\/wp-json\/wp\/v2\/product"}],"about":[{"href":"https:\/\/mmbobd2.com\/en\/wp-json\/wp\/v2\/types\/product"}],"wp:featuredmedia":[{"embeddable":true,"href":"https:\/\/mmbobd2.com\/en\/wp-json\/wp\/v2\/media\/792"}],"wp:attachment":[{"href":"https:\/\/mmbobd2.com\/en\/wp-json\/wp\/v2\/media?parent=791"}],"wp:term":[{"taxonomy":"product_brand","embeddable":true,"href":"https:\/\/mmbobd2.com\/en\/wp-json\/wp\/v2\/product_brand?post=791"},{"taxonomy":"product_cat","embeddable":true,"href":"https:\/\/mmbobd2.com\/en\/wp-json\/wp\/v2\/product_cat?post=791"},{"taxonomy":"product_tag","embeddable":true,"href":"https:\/\/mmbobd2.com\/en\/wp-json\/wp\/v2\/product_tag?post=791"}],"curies":[{"name":"wp","href":"https:\/\/api.w.org\/{rel}","templated":true}]}}