{"id":795,"date":"2023-11-23T01:11:48","date_gmt":"2023-11-23T01:11:48","guid":{"rendered":"https:\/\/mmbobd2.com\/?post_type=product&#038;p=795"},"modified":"2023-11-23T01:13:09","modified_gmt":"2023-11-23T01:13:09","slug":"vds2-mg-saic-2023","status":"publish","type":"product","link":"https:\/\/mmbobd2.com\/en\/product\/vds2-mg-saic-2023\/","title":{"rendered":"VDS2 Vehicle Diagnostic System MG, SAIC CARS 2023"},"content":{"rendered":"<p><audio class=\"audio-for-speech\"><\/audio><\/p>\n<div class=\"translate-tooltip-mtz translator-hidden\">\n<div class=\"header\">\n<div class=\"header-controls\">Translator<\/div>\n<div class=\"header-controls\"><\/div>\n<div class=\"header-controls\"><\/div>\n<\/div>\n<div class=\"translated-text\">\n<div class=\"words\"><\/div>\n<div class=\"sentences\"><\/div>\n<\/div>\n<\/div>\n<p>&nbsp;<\/p>\n<h3 style=\"text-align: center;\"><strong>VDS2 Vehicle Diagnostic System MG, SAIC CARS VMware<\/strong><\/h3>\n<p>&nbsp;<\/p>\n<h4><strong>Description :<\/strong><\/h4>\n<p>VDS2 MG SAIC 2023 est un syst\u00e8me de diagnostic mondial utilis\u00e9 par les concessionnaires et les techniciens MG pour diagnostiquer et r\u00e9parer les v\u00e9hicules <a href=\"https:\/\/www.isuzu.fr\/\">MG<\/a>. Il s\u2019agit d\u2019un logiciel sp\u00e9cialis\u00e9 qui permet le diagnostic des syst\u00e8mes et modules \u00e9lectroniques, en fournissant des documents de r\u00e9paration, des manuels d\u2019entretien, des sch\u00e9mas de circuits et des recommandations du fabricant.<\/p>\n<p>Cette version du logiciel inclut des mises \u00e0 jour et des am\u00e9liorations telles que des corrections de bogues, de nouvelles fonctionnalit\u00e9s et des informations de diagnostic mises \u00e0 jour. Avec une base de donn\u00e9es mise \u00e0 jour, il fournit un support pour les v\u00e9hicules MG de 1990 \u00e0 2023, couvrant toutes les s\u00e9ries et tous les mod\u00e8les.<\/p>\n<p>VDS2 MG SAIC 2023 II offre un large \u00e9ventail de fonctions, notamment la reconnaissance automatique du v\u00e9hicule. La lecture et l\u2019effacement des codes de diagnostic, les listes de donn\u00e9es, les tests d\u2019actionnement, la r\u00e9initialisation de l\u2019entretien. L\u2019\u00e9talonnage du capteur de direction, l\u2019enregistrement des injecteurs, l\u2019apprentissage de la pompe, la programmation de l\u2019ECU, <a href=\"https:\/\/mmbobd2.com\/en\/\">etc<\/a>.<\/p>\n<p>Ce logiciel est compatible avec divers outils de diagnostic tels que MG VCM II, J2534 Passthru. Offrant une flexibilit\u00e9 dans le choix du mat\u00e9riel appropri\u00e9 pour effectuer des t\u00e2ches de diagnostic.<\/p>\n<p>En r\u00e9sum\u00e9, ce logiciel est un logiciel de diagnostic sp\u00e9cialis\u00e9 utilis\u00e9 pour diagnostiquer et r\u00e9parer les v\u00e9hicules MG. Avec son large \u00e9ventail de fonctions et sa base de donn\u00e9es mise \u00e0 jour. Il fournit aux techniciens MG et aux propri\u00e9taires de v\u00e9hicules. Les outils n\u00e9cessaires pour effectuer des diagnostics pr\u00e9cis et des r\u00e9parations efficaces.<\/p>\n<h4><strong>Configuration Requise :<\/strong><\/h4>\n<p>Type de logiciel : Syst\u00e8me de service de diagnostic VDS2 MG SAIC 2023<br \/>\nLangue : Anglais, Italie, France\u2026 etc\u2026 (Plusieurs langues)<br \/>\nLangue de la base de donn\u00e9es : Anglais<br \/>\nuniquement R\u00e9gion : Monde entier<br \/>\nAnn\u00e9e : 02.2023<br \/>\nSyst\u00e8me d\u2019exploitation : Windows 7, Windows 8, Windows 10-11 32 et 64 bits.<br \/>\nInstruction : Pr\u00e9sent<br \/>\nInstallation : Plusieurs PC<\/p>","protected":false},"excerpt":{"rendered":"<p><audio class=\"audio-for-speech\"><\/audio><\/p>\n<div class=\"translate-tooltip-mtz translator-hidden\">\n<div class=\"header\">\n<div class=\"header-controls\">Translator<\/div>\n<div class=\"header-controls\"><\/div>\n<div class=\"header-controls\"><\/div>\n<\/div>\n<div class=\"translated-text\">\n<div class=\"words\"><\/div>\n<div class=\"sentences\"><\/div>\n<\/div>\n<\/div>\n<p>&nbsp;<\/p>\n<p>Explorez le futur du diagnostic automobile avec VDS2 MG SAIC 2023 . des fonctionnalit\u00e9s avanc\u00e9es, et une compatibilit\u00e9 \u00e9tendue pour des diagnostics MG .<\/p>","protected":false},"featured_media":797,"template":"","meta":[],"product_brand":[],"product_cat":[16],"product_tag":[],"class_list":{"0":"post-795","1":"product","2":"type-product","3":"status-publish","4":"has-post-thumbnail","6":"product_cat-diagnostic-automobiles","8":"first","9":"instock","10":"downloadable","11":"virtual","12":"purchasable","13":"product-type-simple"},"yoast_head":"<!-- This site is optimized with the Yoast SEO plugin v27.4 - https:\/\/yoast.com\/product\/yoast-seo-wordpress\/ -->\n<title>VDS2 MG SAIC 2023 - MMB OBD2 SOFTWARE<\/title>\n<meta name=\"description\" content=\"Explorez le futur du diagnostic automobile avec VDS2 MG SAIC 2023 . des fonctionnalit\u00e9s avanc\u00e9es, et une compatibilit\u00e9 \u00e9tendue pour des diagnostics MG .\" \/>\n<meta name=\"robots\" content=\"index, follow, max-snippet:-1, max-image-preview:large, max-video-preview:-1\" \/>\n<link rel=\"canonical\" href=\"https:\/\/mmbobd2.com\/en\/product\/vds2-mg-saic-2023\/\" \/>\n<meta property=\"og:locale\" content=\"en_GB\" \/>\n<meta property=\"og:type\" content=\"article\" \/>\n<meta property=\"og:title\" content=\"VDS2 MG SAIC 2023\" \/>\n<meta property=\"og:description\" content=\"Explorez le futur du diagnostic automobile avec VDS2 MG SAIC 2023 . des fonctionnalit\u00e9s avanc\u00e9es, et une compatibilit\u00e9 \u00e9tendue pour des diagnostics MG .\" \/>\n<meta property=\"og:url\" content=\"https:\/\/mmbobd2.com\/en\/product\/vds2-mg-saic-2023\/\" \/>\n<meta property=\"og:site_name\" content=\"MMB OBD2 SOFTWARE\" \/>\n<meta property=\"article:publisher\" content=\"https:\/\/www.facebook.com\/profile.php?id=61552159950965\" \/>\n<meta property=\"article:modified_time\" content=\"2023-11-23T01:13:09+00:00\" \/>\n<meta property=\"og:image\" content=\"https:\/\/mmbobd2.com\/wp-content\/uploads\/2023\/11\/MGSAIC-jpg.webp\" \/>\n\t<meta property=\"og:image:width\" content=\"1000\" \/>\n\t<meta property=\"og:image:height\" content=\"1000\" \/>\n\t<meta property=\"og:image:type\" content=\"image\/jpeg\" \/>\n<meta name=\"twitter:card\" content=\"summary_large_image\" \/>\n<meta name=\"twitter:label1\" content=\"Estimated reading time\" \/>\n\t<meta name=\"twitter:data1\" content=\"2 minutes\" \/>\n<script type=\"application\/ld+json\" class=\"yoast-schema-graph\">{\"@context\":\"https:\\\/\\\/schema.org\",\"@graph\":[{\"@type\":\"WebPage\",\"@id\":\"https:\\\/\\\/mmbobd2.com\\\/product\\\/vds2-mg-saic-2023\\\/\",\"url\":\"https:\\\/\\\/mmbobd2.com\\\/product\\\/vds2-mg-saic-2023\\\/\",\"name\":\"VDS2 MG SAIC 2023 - MMB OBD2 SOFTWARE\",\"isPartOf\":{\"@id\":\"https:\\\/\\\/mmbobd2.com\\\/#website\"},\"primaryImageOfPage\":{\"@id\":\"https:\\\/\\\/mmbobd2.com\\\/product\\\/vds2-mg-saic-2023\\\/#primaryimage\"},\"image\":{\"@id\":\"https:\\\/\\\/mmbobd2.com\\\/product\\\/vds2-mg-saic-2023\\\/#primaryimage\"},\"thumbnailUrl\":\"https:\\\/\\\/i0.wp.com\\\/mmbobd2.com\\\/wp-content\\\/uploads\\\/2023\\\/11\\\/MGSAIC-1-jpg.webp?fit=1000%2C1000&ssl=1\",\"datePublished\":\"2023-11-23T01:11:48+00:00\",\"dateModified\":\"2023-11-23T01:13:09+00:00\",\"description\":\"Explorez le futur du diagnostic automobile avec VDS2 MG SAIC 2023 . des fonctionnalit\u00e9s avanc\u00e9es, et une compatibilit\u00e9 \u00e9tendue pour des diagnostics MG .\",\"breadcrumb\":{\"@id\":\"https:\\\/\\\/mmbobd2.com\\\/product\\\/vds2-mg-saic-2023\\\/#breadcrumb\"},\"inLanguage\":\"en-GB\",\"potentialAction\":[{\"@type\":\"ReadAction\",\"target\":[\"https:\\\/\\\/mmbobd2.com\\\/product\\\/vds2-mg-saic-2023\\\/\"]}]},{\"@type\":\"ImageObject\",\"inLanguage\":\"en-GB\",\"@id\":\"https:\\\/\\\/mmbobd2.com\\\/product\\\/vds2-mg-saic-2023\\\/#primaryimage\",\"url\":\"https:\\\/\\\/i0.wp.com\\\/mmbobd2.com\\\/wp-content\\\/uploads\\\/2023\\\/11\\\/MGSAIC-1-jpg.webp?fit=1000%2C1000&ssl=1\",\"contentUrl\":\"https:\\\/\\\/i0.wp.com\\\/mmbobd2.com\\\/wp-content\\\/uploads\\\/2023\\\/11\\\/MGSAIC-1-jpg.webp?fit=1000%2C1000&ssl=1\",\"width\":1000,\"height\":1000},{\"@type\":\"BreadcrumbList\",\"@id\":\"https:\\\/\\\/mmbobd2.com\\\/product\\\/vds2-mg-saic-2023\\\/#breadcrumb\",\"itemListElement\":[{\"@type\":\"ListItem\",\"position\":1,\"name\":\"Accueil\",\"item\":\"https:\\\/\\\/mmbobd2.com\\\/\"},{\"@type\":\"ListItem\",\"position\":2,\"name\":\"Boutique\",\"item\":\"https:\\\/\\\/mmbobd2.com\\\/logiciels-de-diagnostic-automobiles\\\/\"},{\"@type\":\"ListItem\",\"position\":3,\"name\":\"VDS2 Vehicle Diagnostic System MG, SAIC CARS 2023\"}]},{\"@type\":\"WebSite\",\"@id\":\"https:\\\/\\\/mmbobd2.com\\\/#website\",\"url\":\"https:\\\/\\\/mmbobd2.com\\\/\",\"name\":\"MMB OBD2 SOFTWARE\",\"description\":\"\",\"publisher\":{\"@id\":\"https:\\\/\\\/mmbobd2.com\\\/#organization\"},\"alternateName\":\"mmbsoftauto\",\"potentialAction\":[{\"@type\":\"SearchAction\",\"target\":{\"@type\":\"EntryPoint\",\"urlTemplate\":\"https:\\\/\\\/mmbobd2.com\\\/?s={search_term_string}\"},\"query-input\":{\"@type\":\"PropertyValueSpecification\",\"valueRequired\":true,\"valueName\":\"search_term_string\"}}],\"inLanguage\":\"en-GB\"},{\"@type\":\"Organization\",\"@id\":\"https:\\\/\\\/mmbobd2.com\\\/#organization\",\"name\":\"MMB COMPANY\",\"url\":\"https:\\\/\\\/mmbobd2.com\\\/\",\"logo\":{\"@type\":\"ImageObject\",\"inLanguage\":\"en-GB\",\"@id\":\"https:\\\/\\\/mmbobd2.com\\\/#\\\/schema\\\/logo\\\/image\\\/\",\"url\":\"https:\\\/\\\/mmbobd2.com\\\/wp-content\\\/uploads\\\/2023\\\/10\\\/LOGO-ROND-MMB-200.png\",\"contentUrl\":\"https:\\\/\\\/mmbobd2.com\\\/wp-content\\\/uploads\\\/2023\\\/10\\\/LOGO-ROND-MMB-200.png\",\"width\":200,\"height\":200,\"caption\":\"MMB COMPANY\"},\"image\":{\"@id\":\"https:\\\/\\\/mmbobd2.com\\\/#\\\/schema\\\/logo\\\/image\\\/\"},\"sameAs\":[\"https:\\\/\\\/www.facebook.com\\\/profile.php?id=61552159950965\"]}]}<\/script>\n<!-- \/ Yoast SEO plugin. -->","yoast_head_json":{"title":"VDS2 MG SAIC 2023 - MMB OBD2 SOFTWARE","description":"Explorez le futur du diagnostic automobile avec VDS2 MG SAIC 2023 . des fonctionnalit\u00e9s avanc\u00e9es, et une compatibilit\u00e9 \u00e9tendue pour des diagnostics MG .","robots":{"index":"index","follow":"follow","max-snippet":"max-snippet:-1","max-image-preview":"max-image-preview:large","max-video-preview":"max-video-preview:-1"},"canonical":"https:\/\/mmbobd2.com\/en\/product\/vds2-mg-saic-2023\/","og_locale":"en_GB","og_type":"article","og_title":"VDS2 MG SAIC 2023","og_description":"Explorez le futur du diagnostic automobile avec VDS2 MG SAIC 2023 . des fonctionnalit\u00e9s avanc\u00e9es, et une compatibilit\u00e9 \u00e9tendue pour des diagnostics MG .","og_url":"https:\/\/mmbobd2.com\/en\/product\/vds2-mg-saic-2023\/","og_site_name":"MMB OBD2 SOFTWARE","article_publisher":"https:\/\/www.facebook.com\/profile.php?id=61552159950965","article_modified_time":"2023-11-23T01:13:09+00:00","og_image":[{"width":1000,"height":1000,"url":"https:\/\/mmbobd2.com\/wp-content\/uploads\/2023\/11\/MGSAIC-jpg.webp","type":"image\/jpeg"}],"twitter_card":"summary_large_image","twitter_misc":{"Estimated reading time":"2 minutes"},"schema":{"@context":"https:\/\/schema.org","@graph":[{"@type":"WebPage","@id":"https:\/\/mmbobd2.com\/product\/vds2-mg-saic-2023\/","url":"https:\/\/mmbobd2.com\/product\/vds2-mg-saic-2023\/","name":"VDS2 MG SAIC 2023 - MMB OBD2 SOFTWARE","isPartOf":{"@id":"https:\/\/mmbobd2.com\/#website"},"primaryImageOfPage":{"@id":"https:\/\/mmbobd2.com\/product\/vds2-mg-saic-2023\/#primaryimage"},"image":{"@id":"https:\/\/mmbobd2.com\/product\/vds2-mg-saic-2023\/#primaryimage"},"thumbnailUrl":"https:\/\/i0.wp.com\/mmbobd2.com\/wp-content\/uploads\/2023\/11\/MGSAIC-1-jpg.webp?fit=1000%2C1000&ssl=1","datePublished":"2023-11-23T01:11:48+00:00","dateModified":"2023-11-23T01:13:09+00:00","description":"Explorez le futur du diagnostic automobile avec VDS2 MG SAIC 2023 . des fonctionnalit\u00e9s avanc\u00e9es, et une compatibilit\u00e9 \u00e9tendue pour des diagnostics MG .","breadcrumb":{"@id":"https:\/\/mmbobd2.com\/product\/vds2-mg-saic-2023\/#breadcrumb"},"inLanguage":"en-GB","potentialAction":[{"@type":"ReadAction","target":["https:\/\/mmbobd2.com\/product\/vds2-mg-saic-2023\/"]}]},{"@type":"ImageObject","inLanguage":"en-GB","@id":"https:\/\/mmbobd2.com\/product\/vds2-mg-saic-2023\/#primaryimage","url":"https:\/\/i0.wp.com\/mmbobd2.com\/wp-content\/uploads\/2023\/11\/MGSAIC-1-jpg.webp?fit=1000%2C1000&ssl=1","contentUrl":"https:\/\/i0.wp.com\/mmbobd2.com\/wp-content\/uploads\/2023\/11\/MGSAIC-1-jpg.webp?fit=1000%2C1000&ssl=1","width":1000,"height":1000},{"@type":"BreadcrumbList","@id":"https:\/\/mmbobd2.com\/product\/vds2-mg-saic-2023\/#breadcrumb","itemListElement":[{"@type":"ListItem","position":1,"name":"Accueil","item":"https:\/\/mmbobd2.com\/"},{"@type":"ListItem","position":2,"name":"Boutique","item":"https:\/\/mmbobd2.com\/logiciels-de-diagnostic-automobiles\/"},{"@type":"ListItem","position":3,"name":"VDS2 Vehicle Diagnostic System MG, SAIC CARS 2023"}]},{"@type":"WebSite","@id":"https:\/\/mmbobd2.com\/#website","url":"https:\/\/mmbobd2.com\/","name":"MMB OBD2 SOFTWARE","description":"","publisher":{"@id":"https:\/\/mmbobd2.com\/#organization"},"alternateName":"mmbsoftauto","potentialAction":[{"@type":"SearchAction","target":{"@type":"EntryPoint","urlTemplate":"https:\/\/mmbobd2.com\/?s={search_term_string}"},"query-input":{"@type":"PropertyValueSpecification","valueRequired":true,"valueName":"search_term_string"}}],"inLanguage":"en-GB"},{"@type":"Organization","@id":"https:\/\/mmbobd2.com\/#organization","name":"MMB COMPANY","url":"https:\/\/mmbobd2.com\/","logo":{"@type":"ImageObject","inLanguage":"en-GB","@id":"https:\/\/mmbobd2.com\/#\/schema\/logo\/image\/","url":"https:\/\/mmbobd2.com\/wp-content\/uploads\/2023\/10\/LOGO-ROND-MMB-200.png","contentUrl":"https:\/\/mmbobd2.com\/wp-content\/uploads\/2023\/10\/LOGO-ROND-MMB-200.png","width":200,"height":200,"caption":"MMB COMPANY"},"image":{"@id":"https:\/\/mmbobd2.com\/#\/schema\/logo\/image\/"},"sameAs":["https:\/\/www.facebook.com\/profile.php?id=61552159950965"]}]}},"_links":{"self":[{"href":"https:\/\/mmbobd2.com\/en\/wp-json\/wp\/v2\/product\/795","targetHints":{"allow":["GET"]}}],"collection":[{"href":"https:\/\/mmbobd2.com\/en\/wp-json\/wp\/v2\/product"}],"about":[{"href":"https:\/\/mmbobd2.com\/en\/wp-json\/wp\/v2\/types\/product"}],"wp:featuredmedia":[{"embeddable":true,"href":"https:\/\/mmbobd2.com\/en\/wp-json\/wp\/v2\/media\/797"}],"wp:attachment":[{"href":"https:\/\/mmbobd2.com\/en\/wp-json\/wp\/v2\/media?parent=795"}],"wp:term":[{"taxonomy":"product_brand","embeddable":true,"href":"https:\/\/mmbobd2.com\/en\/wp-json\/wp\/v2\/product_brand?post=795"},{"taxonomy":"product_cat","embeddable":true,"href":"https:\/\/mmbobd2.com\/en\/wp-json\/wp\/v2\/product_cat?post=795"},{"taxonomy":"product_tag","embeddable":true,"href":"https:\/\/mmbobd2.com\/en\/wp-json\/wp\/v2\/product_tag?post=795"}],"curies":[{"name":"wp","href":"https:\/\/api.w.org\/{rel}","templated":true}]}}