{"id":900,"date":"2024-01-05T21:11:31","date_gmt":"2024-01-05T21:11:31","guid":{"rendered":"https:\/\/mmbobd2.com\/?post_type=product&#038;p=900"},"modified":"2024-01-26T01:11:33","modified_gmt":"2024-01-26T01:11:33","slug":"volvo-visfed-3-4-encryptor","status":"publish","type":"product","link":"https:\/\/mmbobd2.com\/en\/product\/volvo-visfed-3-4-encryptor\/","title":{"rendered":"Volvo VISFED 3.4 ENCRYPTOR\/DECRYPTOR"},"content":{"rendered":"<h3 style=\"text-align: center;\"><strong>Volvo VISFED 3.4 ENCRYPTOR\/DECRYPTOR<\/strong><\/h3>\n<p>&nbsp;<\/p>\n<p>APRES ACHAT IL VOUS SERAS ENVOYER UN LIEN DE TELECHARGEMEN<a href=\"https:\/\/mmbobd2.com\/en\/page\/1\/?s=volvo&amp;post_type=product\">T<\/a><\/p>\n<p>Le logiciel Volvo IS File ED est un outil sp\u00e9cial con\u00e7u pour d\u00e9crypter, \u00e9diter et crypter les fichiers de rechargement des calculateurs de gestion \u00e9lectronique (ECU), \u00e9galement appel\u00e9s fichiers de stockage interm\u00e9diaire, pour les camions Volvo, Renault et Mac<a href=\"https:\/\/www.volvocars.com\/fr\/\">k<\/a>. Cet outil vise \u00e0 simplifier au maximum le processus de reconstruction des fichiers, et il permet \u00e9galement de consulter les fichiers ECU ainsi que d&rsquo;autres informations relatives aux num\u00e9ros de pi\u00e8ces et de sous-pi\u00e8ces, aux param\u00e8tres, aux PID, PPID, SID, PSID et FMI. Il permet \u00e9galement le calcul de la somme de contr\u00f4le (checksum) des lignes Intel HEX et de l&rsquo;ensemble du fichier CSW.<\/p>\n<p>Fonctionnalit\u00e9s du VOLVO Intermediate Storage File VOLVO VISFED 3.4 ENCRYPTOR\/DECRYPTOR (EDITOR) :<\/p>\n<p>Outil sp\u00e9cial pour crypter\/d\u00e9crypter\/\u00e9diter les fichiers de stockage interm\u00e9diaire, principalement destin\u00e9 aux utilisateurs avanc\u00e9s.<br \/>\nConsultation des informations du fichier ECU, y compris la description des num\u00e9ros de pi\u00e8ces et de sous-pi\u00e8ces.<br \/>\nPrise en charge des syst\u00e8mes d&rsquo;exploitation Windows 2003\/XP\/Vista\/7\/8.<br \/>\nLivr\u00e9 avec une cl\u00e9 USB pour la portabilit\u00e9.<br \/>\nActivation n\u00e9cessaire du logiciel, avec une activation gratuite fournie une fois.<\/p>\n<p>Options int\u00e9ressantes du VOLVO Intermediate Storage File ENCRYPTOR\/DECRYPTOR :<\/p>\n<p>D\u00e9sactivation de la fonction AdBlue.<br \/>\nConversion de la norme EUR3 \u00e0 EUR5.<br \/>\nD\u00e9sactivation de la recirculation des gaz d&rsquo;\u00e9chappement (EGR).<br \/>\nD\u00e9sactivation de la r\u00e9duction du couple due aux \u00e9missions de NOx.<br \/>\nCr\u00e9ation de fichiers Intel Hex pour la reprogrammation de la puce (chiptuning).<br \/>\nRecalcul de la somme de contr\u00f4le (checksum) du fichier CSW.<\/p>\n<p>Cet outil est principalement destin\u00e9 aux professionnels de la r\u00e9paration de camions qui ont besoin de travailler sur les calculateurs de gestion \u00e9lectronique des camions Volvo, Renault et Mack pour diverses op\u00e9rations, y compris la modification de param\u00e8tres et la reprogrammation.<\/p>","protected":false},"excerpt":{"rendered":"<p>Outil professionnel de cryptage\/d\u00e9cryptage Volvo VISFED 3.4 ENCRYPTOR simplifiant la modification des param\u00e8tres ECU des camions Volvo, Renault et Mack.<\/p>","protected":false},"featured_media":901,"template":"","meta":[],"product_brand":[],"product_cat":[20],"product_tag":[],"class_list":{"0":"post-900","1":"product","2":"type-product","3":"status-publish","4":"has-post-thumbnail","6":"product_cat-trucks-reprogrammation-software","8":"first","9":"instock","10":"downloadable","11":"virtual","12":"purchasable","13":"product-type-simple"},"yoast_head":"<!-- This site is optimized with the Yoast SEO plugin v27.4 - https:\/\/yoast.com\/product\/yoast-seo-wordpress\/ -->\n<title>VOLVO VISFED 3.4 ENCRYPTOR MMB OBD2 SOFTWARE<\/title>\n<meta name=\"description\" content=\"Outil professionnel de cryptage\/d\u00e9cryptage Volvo VISFED 3.4 ENCRYPTOR simplifiant la modification des param\u00e8tres ECU des camions Volvo, Renault et Mack.\" \/>\n<meta name=\"robots\" content=\"index, follow, max-snippet:-1, max-image-preview:large, max-video-preview:-1\" \/>\n<link rel=\"canonical\" href=\"https:\/\/mmbobd2.com\/en\/product\/volvo-visfed-3-4-encryptor\/\" \/>\n<meta property=\"og:locale\" content=\"en_GB\" \/>\n<meta property=\"og:type\" content=\"article\" \/>\n<meta property=\"og:title\" content=\"VOLVO VISFED 3.4 ENCRYPTOR MMB OBD2 SOFTWARE\" \/>\n<meta property=\"og:description\" content=\"Outil professionnel de cryptage\/d\u00e9cryptage Volvo VISFED 3.4 ENCRYPTOR simplifiant la modification des param\u00e8tres ECU des camions Volvo, Renault et Mack.\" \/>\n<meta property=\"og:url\" content=\"https:\/\/mmbobd2.com\/en\/product\/volvo-visfed-3-4-encryptor\/\" \/>\n<meta property=\"og:site_name\" content=\"MMB OBD2 SOFTWARE\" \/>\n<meta property=\"article:publisher\" content=\"https:\/\/www.facebook.com\/profile.php?id=61552159950965\" \/>\n<meta property=\"article:modified_time\" content=\"2024-01-26T01:11:33+00:00\" \/>\n<meta property=\"og:image\" content=\"https:\/\/mmbobd2.com\/wp-content\/uploads\/2024\/01\/VISFED-jpg.webp\" \/>\n\t<meta property=\"og:image:width\" content=\"1000\" \/>\n\t<meta property=\"og:image:height\" content=\"1000\" \/>\n\t<meta property=\"og:image:type\" content=\"image\/jpeg\" \/>\n<meta name=\"twitter:card\" content=\"summary_large_image\" \/>\n<meta name=\"twitter:label1\" content=\"Estimated reading time\" \/>\n\t<meta name=\"twitter:data1\" content=\"2 minutes\" \/>\n<script type=\"application\/ld+json\" class=\"yoast-schema-graph\">{\"@context\":\"https:\\\/\\\/schema.org\",\"@graph\":[{\"@type\":\"WebPage\",\"@id\":\"https:\\\/\\\/mmbobd2.com\\\/product\\\/volvo-visfed-3-4-encryptor\\\/\",\"url\":\"https:\\\/\\\/mmbobd2.com\\\/product\\\/volvo-visfed-3-4-encryptor\\\/\",\"name\":\"VOLVO VISFED 3.4 ENCRYPTOR MMB OBD2 SOFTWARE\",\"isPartOf\":{\"@id\":\"https:\\\/\\\/mmbobd2.com\\\/#website\"},\"primaryImageOfPage\":{\"@id\":\"https:\\\/\\\/mmbobd2.com\\\/product\\\/volvo-visfed-3-4-encryptor\\\/#primaryimage\"},\"image\":{\"@id\":\"https:\\\/\\\/mmbobd2.com\\\/product\\\/volvo-visfed-3-4-encryptor\\\/#primaryimage\"},\"thumbnailUrl\":\"https:\\\/\\\/i0.wp.com\\\/mmbobd2.com\\\/wp-content\\\/uploads\\\/2024\\\/01\\\/VISFED-jpg.webp?fit=1000%2C1000&ssl=1\",\"datePublished\":\"2024-01-05T21:11:31+00:00\",\"dateModified\":\"2024-01-26T01:11:33+00:00\",\"description\":\"Outil professionnel de cryptage\\\/d\u00e9cryptage Volvo VISFED 3.4 ENCRYPTOR simplifiant la modification des param\u00e8tres ECU des camions Volvo, Renault et Mack.\",\"breadcrumb\":{\"@id\":\"https:\\\/\\\/mmbobd2.com\\\/product\\\/volvo-visfed-3-4-encryptor\\\/#breadcrumb\"},\"inLanguage\":\"en-GB\",\"potentialAction\":[{\"@type\":\"ReadAction\",\"target\":[\"https:\\\/\\\/mmbobd2.com\\\/product\\\/volvo-visfed-3-4-encryptor\\\/\"]}]},{\"@type\":\"ImageObject\",\"inLanguage\":\"en-GB\",\"@id\":\"https:\\\/\\\/mmbobd2.com\\\/product\\\/volvo-visfed-3-4-encryptor\\\/#primaryimage\",\"url\":\"https:\\\/\\\/i0.wp.com\\\/mmbobd2.com\\\/wp-content\\\/uploads\\\/2024\\\/01\\\/VISFED-jpg.webp?fit=1000%2C1000&ssl=1\",\"contentUrl\":\"https:\\\/\\\/i0.wp.com\\\/mmbobd2.com\\\/wp-content\\\/uploads\\\/2024\\\/01\\\/VISFED-jpg.webp?fit=1000%2C1000&ssl=1\",\"width\":1000,\"height\":1000,\"caption\":\"VISFED 3.4 ENCRYPTOR\"},{\"@type\":\"BreadcrumbList\",\"@id\":\"https:\\\/\\\/mmbobd2.com\\\/product\\\/volvo-visfed-3-4-encryptor\\\/#breadcrumb\",\"itemListElement\":[{\"@type\":\"ListItem\",\"position\":1,\"name\":\"Accueil\",\"item\":\"https:\\\/\\\/mmbobd2.com\\\/\"},{\"@type\":\"ListItem\",\"position\":2,\"name\":\"Boutique\",\"item\":\"https:\\\/\\\/mmbobd2.com\\\/logiciels-de-diagnostic-automobiles\\\/\"},{\"@type\":\"ListItem\",\"position\":3,\"name\":\"Volvo VISFED 3.4 ENCRYPTOR\\\/DECRYPTOR\"}]},{\"@type\":\"WebSite\",\"@id\":\"https:\\\/\\\/mmbobd2.com\\\/#website\",\"url\":\"https:\\\/\\\/mmbobd2.com\\\/\",\"name\":\"MMB OBD2 SOFTWARE\",\"description\":\"\",\"publisher\":{\"@id\":\"https:\\\/\\\/mmbobd2.com\\\/#organization\"},\"alternateName\":\"mmbsoftauto\",\"potentialAction\":[{\"@type\":\"SearchAction\",\"target\":{\"@type\":\"EntryPoint\",\"urlTemplate\":\"https:\\\/\\\/mmbobd2.com\\\/?s={search_term_string}\"},\"query-input\":{\"@type\":\"PropertyValueSpecification\",\"valueRequired\":true,\"valueName\":\"search_term_string\"}}],\"inLanguage\":\"en-GB\"},{\"@type\":\"Organization\",\"@id\":\"https:\\\/\\\/mmbobd2.com\\\/#organization\",\"name\":\"MMB COMPANY\",\"url\":\"https:\\\/\\\/mmbobd2.com\\\/\",\"logo\":{\"@type\":\"ImageObject\",\"inLanguage\":\"en-GB\",\"@id\":\"https:\\\/\\\/mmbobd2.com\\\/#\\\/schema\\\/logo\\\/image\\\/\",\"url\":\"https:\\\/\\\/mmbobd2.com\\\/wp-content\\\/uploads\\\/2023\\\/10\\\/LOGO-ROND-MMB-200.png\",\"contentUrl\":\"https:\\\/\\\/mmbobd2.com\\\/wp-content\\\/uploads\\\/2023\\\/10\\\/LOGO-ROND-MMB-200.png\",\"width\":200,\"height\":200,\"caption\":\"MMB COMPANY\"},\"image\":{\"@id\":\"https:\\\/\\\/mmbobd2.com\\\/#\\\/schema\\\/logo\\\/image\\\/\"},\"sameAs\":[\"https:\\\/\\\/www.facebook.com\\\/profile.php?id=61552159950965\"]}]}<\/script>\n<!-- \/ Yoast SEO plugin. -->","yoast_head_json":{"title":"VOLVO VISFED 3.4 ENCRYPTOR MMB OBD2 SOFTWARE","description":"Outil professionnel de cryptage\/d\u00e9cryptage Volvo VISFED 3.4 ENCRYPTOR simplifiant la modification des param\u00e8tres ECU des camions Volvo, Renault et Mack.","robots":{"index":"index","follow":"follow","max-snippet":"max-snippet:-1","max-image-preview":"max-image-preview:large","max-video-preview":"max-video-preview:-1"},"canonical":"https:\/\/mmbobd2.com\/en\/product\/volvo-visfed-3-4-encryptor\/","og_locale":"en_GB","og_type":"article","og_title":"VOLVO VISFED 3.4 ENCRYPTOR MMB OBD2 SOFTWARE","og_description":"Outil professionnel de cryptage\/d\u00e9cryptage Volvo VISFED 3.4 ENCRYPTOR simplifiant la modification des param\u00e8tres ECU des camions Volvo, Renault et Mack.","og_url":"https:\/\/mmbobd2.com\/en\/product\/volvo-visfed-3-4-encryptor\/","og_site_name":"MMB OBD2 SOFTWARE","article_publisher":"https:\/\/www.facebook.com\/profile.php?id=61552159950965","article_modified_time":"2024-01-26T01:11:33+00:00","og_image":[{"width":1000,"height":1000,"url":"https:\/\/mmbobd2.com\/wp-content\/uploads\/2024\/01\/VISFED-jpg.webp","type":"image\/jpeg"}],"twitter_card":"summary_large_image","twitter_misc":{"Estimated reading time":"2 minutes"},"schema":{"@context":"https:\/\/schema.org","@graph":[{"@type":"WebPage","@id":"https:\/\/mmbobd2.com\/product\/volvo-visfed-3-4-encryptor\/","url":"https:\/\/mmbobd2.com\/product\/volvo-visfed-3-4-encryptor\/","name":"VOLVO VISFED 3.4 ENCRYPTOR MMB OBD2 SOFTWARE","isPartOf":{"@id":"https:\/\/mmbobd2.com\/#website"},"primaryImageOfPage":{"@id":"https:\/\/mmbobd2.com\/product\/volvo-visfed-3-4-encryptor\/#primaryimage"},"image":{"@id":"https:\/\/mmbobd2.com\/product\/volvo-visfed-3-4-encryptor\/#primaryimage"},"thumbnailUrl":"https:\/\/i0.wp.com\/mmbobd2.com\/wp-content\/uploads\/2024\/01\/VISFED-jpg.webp?fit=1000%2C1000&ssl=1","datePublished":"2024-01-05T21:11:31+00:00","dateModified":"2024-01-26T01:11:33+00:00","description":"Outil professionnel de cryptage\/d\u00e9cryptage Volvo VISFED 3.4 ENCRYPTOR simplifiant la modification des param\u00e8tres ECU des camions Volvo, Renault et Mack.","breadcrumb":{"@id":"https:\/\/mmbobd2.com\/product\/volvo-visfed-3-4-encryptor\/#breadcrumb"},"inLanguage":"en-GB","potentialAction":[{"@type":"ReadAction","target":["https:\/\/mmbobd2.com\/product\/volvo-visfed-3-4-encryptor\/"]}]},{"@type":"ImageObject","inLanguage":"en-GB","@id":"https:\/\/mmbobd2.com\/product\/volvo-visfed-3-4-encryptor\/#primaryimage","url":"https:\/\/i0.wp.com\/mmbobd2.com\/wp-content\/uploads\/2024\/01\/VISFED-jpg.webp?fit=1000%2C1000&ssl=1","contentUrl":"https:\/\/i0.wp.com\/mmbobd2.com\/wp-content\/uploads\/2024\/01\/VISFED-jpg.webp?fit=1000%2C1000&ssl=1","width":1000,"height":1000,"caption":"VISFED 3.4 ENCRYPTOR"},{"@type":"BreadcrumbList","@id":"https:\/\/mmbobd2.com\/product\/volvo-visfed-3-4-encryptor\/#breadcrumb","itemListElement":[{"@type":"ListItem","position":1,"name":"Accueil","item":"https:\/\/mmbobd2.com\/"},{"@type":"ListItem","position":2,"name":"Boutique","item":"https:\/\/mmbobd2.com\/logiciels-de-diagnostic-automobiles\/"},{"@type":"ListItem","position":3,"name":"Volvo VISFED 3.4 ENCRYPTOR\/DECRYPTOR"}]},{"@type":"WebSite","@id":"https:\/\/mmbobd2.com\/#website","url":"https:\/\/mmbobd2.com\/","name":"MMB OBD2 SOFTWARE","description":"","publisher":{"@id":"https:\/\/mmbobd2.com\/#organization"},"alternateName":"mmbsoftauto","potentialAction":[{"@type":"SearchAction","target":{"@type":"EntryPoint","urlTemplate":"https:\/\/mmbobd2.com\/?s={search_term_string}"},"query-input":{"@type":"PropertyValueSpecification","valueRequired":true,"valueName":"search_term_string"}}],"inLanguage":"en-GB"},{"@type":"Organization","@id":"https:\/\/mmbobd2.com\/#organization","name":"MMB COMPANY","url":"https:\/\/mmbobd2.com\/","logo":{"@type":"ImageObject","inLanguage":"en-GB","@id":"https:\/\/mmbobd2.com\/#\/schema\/logo\/image\/","url":"https:\/\/mmbobd2.com\/wp-content\/uploads\/2023\/10\/LOGO-ROND-MMB-200.png","contentUrl":"https:\/\/mmbobd2.com\/wp-content\/uploads\/2023\/10\/LOGO-ROND-MMB-200.png","width":200,"height":200,"caption":"MMB COMPANY"},"image":{"@id":"https:\/\/mmbobd2.com\/#\/schema\/logo\/image\/"},"sameAs":["https:\/\/www.facebook.com\/profile.php?id=61552159950965"]}]}},"_links":{"self":[{"href":"https:\/\/mmbobd2.com\/en\/wp-json\/wp\/v2\/product\/900","targetHints":{"allow":["GET"]}}],"collection":[{"href":"https:\/\/mmbobd2.com\/en\/wp-json\/wp\/v2\/product"}],"about":[{"href":"https:\/\/mmbobd2.com\/en\/wp-json\/wp\/v2\/types\/product"}],"wp:featuredmedia":[{"embeddable":true,"href":"https:\/\/mmbobd2.com\/en\/wp-json\/wp\/v2\/media\/901"}],"wp:attachment":[{"href":"https:\/\/mmbobd2.com\/en\/wp-json\/wp\/v2\/media?parent=900"}],"wp:term":[{"taxonomy":"product_brand","embeddable":true,"href":"https:\/\/mmbobd2.com\/en\/wp-json\/wp\/v2\/product_brand?post=900"},{"taxonomy":"product_cat","embeddable":true,"href":"https:\/\/mmbobd2.com\/en\/wp-json\/wp\/v2\/product_cat?post=900"},{"taxonomy":"product_tag","embeddable":true,"href":"https:\/\/mmbobd2.com\/en\/wp-json\/wp\/v2\/product_tag?post=900"}],"curies":[{"name":"wp","href":"https:\/\/api.w.org\/{rel}","templated":true}]}}